{"id":294,"date":"2019-10-27T14:38:58","date_gmt":"2019-10-27T13:38:58","guid":{"rendered":"https:\/\/firca.ci\/fciad\/?page_id=294"},"modified":"2019-10-27T14:39:00","modified_gmt":"2019-10-27T13:39:00","slug":"qr-deuxieme-appel-a-projet-innovant","status":"publish","type":"page","link":"https:\/\/firca.ci\/fciad\/qr-deuxieme-appel-a-projet-innovant\/","title":{"rendered":"[Q&#038;R] Deuxi\u00e8me Appel \u00e0 Projet Innovant"},"content":{"rendered":"<p style=\"text-align: justify;\"><span style=\"color: #333399;\"><strong>Question 4: <\/strong><\/span><span style=\"color: #333399;\"><strong>Je me permets de vous contacter concernant le 2e appel \u00e0 projets innovants. <\/strong><\/span><span style=\"color: #333399;\"><strong>En effet, j\u2019ai 2 questions : <\/strong><\/span><span style=\"color: #333399;\"><strong>&#8211; (i) pouvez-vous confirmer que la fiche 12 du budget d\u00e9taill\u00e9 du projet est commune \u00e0 tous les partenaires du projet et que l\u2019on doit int\u00e9grer les personnels impliqu\u00e9s de tous les partenaires sur cette fiche\u2009? <\/strong><\/span><span style=\"color: #333399;\"><strong>&#8211; (ii) dans les instructions de l\u2019offre financi\u00e8re il est indiqu\u00e9 que \u00ab\u00a0<em><u>Les co\u00fbts du personnel ne devront pas d\u00e9passer 25 % du co\u00fbt total du projet.<\/u><\/em>\u00a0\u00bb Pouvez-vous pr\u00e9ciser s\u2019il s\u2019agit des co\u00fbts de personnel globaux (permanents, non-permanents, financ\u00e9s ou non par le FCIAD) ou bien s\u2019il s\u2019agit uniquement des personnels pour lequel le financement est demand\u00e9\u2009? (13\/03\/2018)<\/strong><\/span><\/p>\n<p style=\"text-align: justify;\"><span style=\"color: #ff0000;\">R\u00e9ponse 4: <strong>&#8211;<\/strong> <\/span><span style=\"color: #ff0000;\">(i) La fiche 12 recense l\u2019ensemble des co\u00fbts n\u00e9cessaires \u00e0 la mise en \u0153uvre du projet. Elle devrait en effet comprendre l\u2019ensemble des co\u00fbts des partenaires, personnel y compris.  <\/span><span style=\"color: #ff0000;\"><strong>&#8211;<\/strong> (ii) La rubrique co\u00fbt du personnel ne doit pas exc\u00e9der 25% du co\u00fbt total du projet et non 25% du montant relatif au co\u00fbt du personnel imput\u00e9 au FCIAD. <\/span><span style=\"color: #ff0000;\">Le co\u00fbt du personnel comprend l\u2019ensemble des personnes (permanents ou non) intervenant sur le projet.(14\/03\/2018)<\/span><\/p>\n<p style=\"text-align: justify;\"><span style=\"color: #333399;\"><strong>Question n\u00b03 : <\/strong><strong>J\u2019ai vraiment besoin que vous me donniez quelques \u00e9claircissements sur certains points concernant l&rsquo;appel du FCIAD 2 en cours : <\/strong><\/span><span style=\"color: #333399;\"><strong>&#8211; (i) Combien de projets est-il permis \u00e0 un chercheur d&rsquo;en \u00eatre le coordinateur ? <\/strong><\/span><span style=\"color: #333399;\"><strong>&#8211; (ii) Est-il conseill\u00e9 \u00e0 une \u00e9quipe de recherche d&rsquo;avoir pour coordinateur un Enseignant-chercheur (ou Chercheur) de rang B c&rsquo;est \u00e0 dire qui n&rsquo;est pas n\u00e9cessairement Professeur Titulaire (Directeur de Recherche) ou Maitre de Conf\u00e9rences (Maitre de Recherche) ?<\/strong><\/span><\/p>\n<p style=\"text-align: justify;\"><span style=\"color: #333399;\"><strong>Vraiment vos orientations m&rsquo;aideront \u00e9norm\u00e9ment \u00e0 \u00e9claircir mes pr\u00e9occupations. (06\/03\/2018)<\/strong><\/span><\/p>\n<p style=\"text-align: justify;\"><span style=\"color: #ff0000;\">R\u00e9ponse n\u00b03 :  &#8211; (i) Un chercheur peut coordonner plusieurs projets puisque les projets qui seront retenus ne sont pas connus \u00e0 l\u2019avance. Cependant, apr\u00e8s la s\u00e9lection des projets, des am\u00e9nagements lui seront demand\u00e9s si plusieurs de ses projets sont retenus.  <\/span><span style=\"color: #ff0000;\">-(ii) Le FCIAD n\u2019a pas d\u2019observation particuli\u00e8re sur le rang de chercheur d\u2019un coordonnateur de projet. Le promoteur choisira le coordonnateur qui a le meilleur profil en mettant en exergue ses capacit\u00e9s sp\u00e9cifiques \u00e0 bien conduire techniquement le projet. (06\/03\/2018)<\/span><\/p>\n<p style=\"text-align: justify;\"><span style=\"color: #333399; font-family: georgia, palatino, serif;\"><strong>Question n\u00b02 : <\/strong><strong>Vous avez expliqu\u00e9 dans le dossier d\u2019appel \u00e0 projet que dans le cadre d\u2019un partenariat entre plusieurs institutions, celles-ci doivent d\u00e9signer l\u2019institution chef de file avec reconnaissance de cette responsabilit\u00e9 par l\u2019un ou l\u2019autre des partenaires.<\/strong><strong>Dans ce cas faut-il avoir les signatures des directeurs de l\u2019institution chef de file et l\u2019institution partenaire sur la m\u00eame fiche d\u2019identification et d\u2019engagement des diff\u00e9rents participants ? (24 F\u00e9vrier 2018)<\/strong><\/span><\/p>\n<p style=\"text-align: justify;\"><span style=\"color: #ff0000; font-family: georgia, palatino, serif;\">R\u00e9ponse n\u00b02 : La fiche 2 du formulaire de soumission est relative \u00e0 l\u2019identification et \u00e0 l\u2019engagement des participants au projet. Chaque responsable de l\u2019institution partenaire renseigne et signe s\u00e9par\u00e9ment la fiche. Les responsables des institutions n\u2019ont pas besoin de cosign\u00e9s cette fiche. (24 F\u00e9vrier 2018)<\/span><\/p>\n<p style=\"text-align: justify;\"><span style=\"color: #333399; font-family: georgia, palatino, serif;\"><strong>Question n\u00b01 : Pour l&rsquo;\u00e9laboration de l&rsquo;offre financi\u00e8re, les instructions mentionnent au point \u00ab\u00a0D\u00e9penses non \u00e9ligibles\u00a0\u00bb que ne sont pas pris en charge les \u00ab\u00a0achats de v\u00e9hicules\u00a0\u00bb et les \u00ab\u00a0\u00e9quipements informatiques\u00a0\u00bb. Que ces chapitres ne peuvent constituer la contrepartie du porteur du projet. <\/strong><strong>Nous aimerions savoir qu&rsquo;est-ce qu&rsquo;il en est de projet, comme le n\u00f4tre, dans lequel le v\u00e9hicule (pour le laboratoire mobile) et les \u00e9quipements informatiques (pour la transmission des donn\u00e9es) sont des \u00e9l\u00e9ments se rapportant directement au projet. En effet, le v\u00e9hicule est le c\u0153ur m\u00eame du projet. Dans ces conditions, quelles dispositions vous sugg\u00e9rez nous? (13 f\u00e9vrier 2018)<\/strong><\/span><\/p>\n<p style=\"text-align: justify;\"><span style=\"color: #ff0000; font-family: georgia, palatino, serif;\">R\u00e9ponse n\u00b01<strong> : <\/strong>Comme mentionner \u00e0 la page 19 du formulaire de soumission, pour l\u2019\u00e9laboration de l\u2019offre financi\u00e8re, les achats de v\u00e9hicules et les \u00e9quipements informatiques ne sont \u00e9ligibles dans le cadre des projets soumis \u00e0 financement par le FCIAD. Ces \u00e9quipements ne peuvent donc pas figurer dans l\u2019offre qui sera transmise au FCIAD et ne peuvent pas, par cons\u00e9quent, constituer la contrepartie du porteur de projet. Nous vous sugg\u00e9rons de vous conformer aux dispositions du Dossier d\u2019Appel \u00e0 Projets pour que votre projet soit \u00e9ligible au financement du FCIAD. En effet, si le projet que vous envisagez de proposer est suffisamment mature, cela suppose que vous poss\u00e9diez d\u00e9j\u00e0 le v\u00e9hicule et les \u00e9quipements informatiques n\u00e9cessaires \u00e0 son d\u00e9ploiement. Nous vous conseillons donc de mettre l\u2019accent sur la diffusion de l\u2019innovation que vous proposez, par des actions qui sont \u00e9ligibles au financement du FCIAD. (14 f\u00e9vrier 2018).<\/span><\/p>\n","protected":false},"excerpt":{"rendered":"<p>Question 4: Je me permets de vous contacter concernant le 2e appel \u00e0 projets innovants. En effet, j\u2019ai 2 questions : &#8211; (i) pouvez-vous confirmer que la fiche 12 du budget d\u00e9taill\u00e9 du projet est commune \u00e0 tous les partenaires du projet et que l\u2019on doit int\u00e9grer les personnels impliqu\u00e9s de tous les partenaires sur&hellip;<\/p>\n","protected":false},"author":1,"featured_media":0,"parent":0,"menu_order":0,"comment_status":"closed","ping_status":"closed","template":"template-nosidebar.php","meta":[],"_links":{"self":[{"href":"https:\/\/firca.ci\/fciad\/wp-json\/wp\/v2\/pages\/294"}],"collection":[{"href":"https:\/\/firca.ci\/fciad\/wp-json\/wp\/v2\/pages"}],"about":[{"href":"https:\/\/firca.ci\/fciad\/wp-json\/wp\/v2\/types\/page"}],"author":[{"embeddable":true,"href":"https:\/\/firca.ci\/fciad\/wp-json\/wp\/v2\/users\/1"}],"replies":[{"embeddable":true,"href":"https:\/\/firca.ci\/fciad\/wp-json\/wp\/v2\/comments?post=294"}],"version-history":[{"count":1,"href":"https:\/\/firca.ci\/fciad\/wp-json\/wp\/v2\/pages\/294\/revisions"}],"predecessor-version":[{"id":295,"href":"https:\/\/firca.ci\/fciad\/wp-json\/wp\/v2\/pages\/294\/revisions\/295"}],"wp:attachment":[{"href":"https:\/\/firca.ci\/fciad\/wp-json\/wp\/v2\/media?parent=294"}],"curies":[{"name":"wp","href":"https:\/\/api.w.org\/{rel}","templated":true}]}}