{"id":2792,"date":"2022-08-04T21:42:47","date_gmt":"2022-08-04T19:42:47","guid":{"rendered":"https:\/\/firca.ci\/fciad\/?page_id=2792"},"modified":"2022-08-05T00:35:50","modified_gmt":"2022-08-04T22:35:50","slug":"resultats-concours-de-linnovation-agricole-durable-2022","status":"publish","type":"page","link":"https:\/\/firca.ci\/fciad\/resultats-concours-de-linnovation-agricole-durable-2022\/","title":{"rendered":"R\u00e9sultats Concours de l\u2019Innovation Agricole Durable 2022"},"content":{"rendered":"<p>[vc_row][vc_column width=\u00a0\u00bb1\/6&Prime;][\/vc_column][vc_column width=\u00a0\u00bb2\/3&Prime;][vc_column_text]Le FIRCA a lanc\u00e9 du 03 mai au 17 juin 2022, l\u2019Appel \u00e0 Candidatures pour l\u2019Edition 2022 du Concours de l\u2019Innovation Agricole Durable (CIAD) dans le cadre du Fonds Comp\u00e9titif pour l\u2019Innovation Agricole Durable (FCIAD).<\/p>\n<p>Le FIRCA vous remercie pour l\u2019int\u00e9r\u00eat que vous avez port\u00e9 \u00e0 la sixi\u00e8me \u00e9dition du CIAD et par-dessus tout, \u00e0 l\u2019innovation agricole qui est le gage de la transformation de notre agriculture pour la rendre plus productive et plus comp\u00e9titive.<\/p>\n<p>A l\u2019issue de l\u2019\u00e9valuation du Jury du Concours, sept (7) innovations ont \u00e9t\u00e9 retenues pour \u00eatre prim\u00e9es et se pr\u00e9sentent par th\u00e9matique comme suit\u00a0:[\/vc_column_text][vc_accordion active_tab=\u00a0\u00bb0&Prime; title_size=\u00a0\u00bbh5&Prime; style=\u00a0\u00bb2&Prime;][vc_accordion_tab title=\u00a0\u00bbTh\u00e9matique 1: Gestion durable de la fertilit\u00e9 des sols\u00a0\u00bb][vc_column_text]<\/p>\n<table width=\"604\">\n<tbody>\n<tr>\n<td width=\"160\"><strong>Nom du soumissionnaire<\/strong><\/td>\n<td width=\"312\"><strong>Intitul\u00e9 de l\u2019innovation<\/strong><\/td>\n<td width=\"76\"><strong>Note\/100<\/strong><\/td>\n<td width=\"57\"><strong>Rang<\/strong><\/td>\n<\/tr>\n<tr>\n<td width=\"160\">SEHI ZOKAGNON SYLVAIN<\/td>\n<td width=\"312\">Usage du Kaolin pour la tol\u00e9rance du riz \u00e0 la toxicit\u00e9 ferreuse<\/td>\n<td width=\"76\"><strong>74<\/strong><\/td>\n<td width=\"57\">1<sup>er<\/sup><\/td>\n<\/tr>\n<tr>\n<td width=\"160\">GONE ARISTIDE ROMARIC<\/td>\n<td width=\"312\">Production des biofertilisants \u00e0 partir des biofabriques<\/td>\n<td width=\"76\"><strong>73<\/strong><\/td>\n<td width=\"57\">2<sup>\u00e8me<\/sup><\/td>\n<\/tr>\n<tr>\n<td width=\"160\">YAO KOUASSI FRANCK<\/td>\n<td width=\"312\">BIOFERTILISANT AGRI-BIONAT\u00a0: Une solution pour la restauration de la fertilit\u00e9 des sols<\/td>\n<td width=\"76\"><strong>71<\/strong><\/td>\n<td width=\"57\">3<sup>\u00e8me<\/sup><\/td>\n<\/tr>\n<\/tbody>\n<\/table>\n<p>[\/vc_column_text][\/vc_accordion_tab][vc_accordion_tab title=\u00a0\u00bbTh\u00e9matique 2: Gestion efficace de l\u2019eau\u00a0\u00bb][vc_column_text]Aucun laur\u00e9at (Concours d\u00e9clar\u00e9 infructueux pour cette \u00e9dition, car aucun candidat n\u2019a atteint la note minimale de 70 points sur 100 exig\u00e9e).[\/vc_column_text][\/vc_accordion_tab][vc_accordion_tab title=\u00a0\u00bbTh\u00e9matique 3: Mise au point d\u2019itin\u00e9raires techniques innovants assurant la protection de l\u2019environnement\u00a0\u00bb][vc_column_text]<\/p>\n<table width=\"604\">\n<tbody>\n<tr>\n<td width=\"161\"><strong>Nom du soumissionnaire<\/strong><\/td>\n<td width=\"314\"><strong>Intitul\u00e9 de l\u2019innovation<\/strong><\/td>\n<td width=\"73\"><strong>Note\/100<\/strong><\/td>\n<td width=\"57\"><strong>Rang<\/strong><\/td>\n<\/tr>\n<tr>\n<td width=\"161\">Programme d\u2019am\u00e9lioration du Karit\u00e9 de l\u2019UFR Sciences Biologiques (Universit\u00e9 P\u00e9l\u00e9foro Gbon Coulibaly de Korhogo)<\/td>\n<td width=\"314\">Traitement des greffons de karit\u00e9 et d\u2019anacardier, une technique innovante pour le maintien de leur viabilit\u00e9 sur une longue dur\u00e9e<\/td>\n<td width=\"73\"><strong>77<\/strong><\/td>\n<td width=\"57\">1<sup>er<\/sup><\/td>\n<\/tr>\n<\/tbody>\n<\/table>\n<p>[\/vc_column_text][\/vc_accordion_tab][vc_accordion_tab title=\u00a0\u00bbTh\u00e9matique 4: Lutte contre les maladies \u00e0 parasites ou \u00e0 virus et les insectes nuisibles qui affectent l\u2019agriculture ivoirienne\u00a0\u00bb][vc_column_text]<\/p>\n<table width=\"604\">\n<tbody>\n<tr>\n<td width=\"160\"><strong>Nom du soumissionnaire<\/strong><\/td>\n<td width=\"312\"><strong>Intitul\u00e9 de l\u2019innovation<\/strong><\/td>\n<td width=\"76\"><strong>Note\/100<\/strong><\/td>\n<td width=\"57\"><strong>Rang<\/strong><\/td>\n<\/tr>\n<tr>\n<td width=\"160\">KIMSE MOUSSA<\/td>\n<td width=\"312\">Aliment Granul\u00e9 D\u00e9parasitant et Antimicrobien Naturel pour Lapin\u00a0: DEPARANAT-Lapin<\/td>\n<td width=\"76\"><strong>71<\/strong><\/td>\n<td width=\"57\">1<sup>er<\/sup><\/td>\n<\/tr>\n<\/tbody>\n<\/table>\n<p>[\/vc_column_text][\/vc_accordion_tab][vc_accordion_tab title=\u00a0\u00bbTh\u00e9matique 5: Am\u00e9lioration de la qualit\u00e9 des produits et bonne gestion des intrants\u00a0\u00bb][vc_column_text]<\/p>\n<table width=\"100%\">\n<tbody>\n<tr>\n<td width=\"26%\"><strong>Nom du soumissionnaire<\/strong><\/td>\n<td width=\"51%\"><strong>Intitul\u00e9 de l\u2019innovation<\/strong><\/td>\n<td width=\"12%\"><strong>Note\/100<\/strong><\/td>\n<td width=\"8%\"><strong>Rang<\/strong><\/td>\n<\/tr>\n<tr>\n<td width=\"26%\">HAROUNA DIETE SOULEYMANE<\/td>\n<td width=\"51%\">Production de th\u00e9 et poudre de cor\u00e8te potag\u00e8re \u00ab\u00a0Kpalala\u00a0\u00bb (Corchorus olitorius) dans la lutte contre le diab\u00e8te, l\u2019hypertension art\u00e9rielle et le surpoids<\/td>\n<td width=\"12%\"><strong>71<\/strong><\/td>\n<td width=\"8%\">1<sup>er<\/sup><\/td>\n<\/tr>\n<tr>\n<td width=\"26%\">BA MAIMOUNA<\/td>\n<td width=\"51%\">D\u00e9shydratateur alimentaire AP<\/td>\n<td width=\"12%\"><strong>70<\/strong><\/td>\n<td width=\"8%\">2<sup>\u00e8me<\/sup><\/td>\n<\/tr>\n<\/tbody>\n<\/table>\n<p>[\/vc_column_text][\/vc_accordion_tab][\/vc_accordion][vc_column_text][\/vc_column_text][\/vc_column][vc_column width=\u00a0\u00bb1\/6&Prime;][\/vc_column][\/vc_row][vc_row][vc_column][vc_column_text]<\/p>\n<p>[\/vc_column_text][\/vc_column][\/vc_row][vc_row css=\u00a0\u00bb.vc_custom_1581050700998{margin-bottom: -70px !important;padding-top: 40px !important;padding-bottom: 40px !important;}\u00a0\u00bb][vc_column]<style type=\"text\/css\" data-type=\"the7_shortcodes-inline-css\">.carousel-shortcode.carousel-shortcode-id-193add502047c4d0f08e790f273e84ea .owl-nav a {\n  width: 36px;\n  height: 36px;\n  border-radius: 500px;\n}\n.dt-arrow-border-on.carousel-shortcode.carousel-shortcode-id-193add502047c4d0f08e790f273e84ea .owl-nav a:not(:hover):before {\n  border-width: 0px;\n}\n.dt-arrow-hover-border-on.carousel-shortcode.carousel-shortcode-id-193add502047c4d0f08e790f273e84ea .owl-nav a:hover:after {\n  border-width: 0px;\n}\n.carousel-shortcode.carousel-shortcode-id-193add502047c4d0f08e790f273e84ea .owl-nav a.owl-prev {\n  top: 50%;\n  transform: translateY(calc(-50% + 0px));\n  left: -43px;\n}\n@media all and (-ms-high-contrast: none) {\n  .carousel-shortcode.carousel-shortcode-id-193add502047c4d0f08e790f273e84ea .owl-nav a.owl-prev {\n    transform: translateY(-50%);\n    margin-top: 0px;\n  }\n}\n.carousel-shortcode.carousel-shortcode-id-193add502047c4d0f08e790f273e84ea .owl-nav a.owl-prev i {\n  padding: 0px 0px 0px 0px;\n}\n.carousel-shortcode.carousel-shortcode-id-193add502047c4d0f08e790f273e84ea .owl-nav a.owl-next {\n  top: 50%;\n  transform: translateY(calc(-50% + 0px));\n  right: -43px;\n}\n@media all and (-ms-high-contrast: none) {\n  .carousel-shortcode.carousel-shortcode-id-193add502047c4d0f08e790f273e84ea .owl-nav a.owl-next {\n    transform: translateY(-50%);\n    margin-top: 0px;\n  }\n}\n.carousel-shortcode.carousel-shortcode-id-193add502047c4d0f08e790f273e84ea .owl-nav a.owl-next i {\n  padding: 0px 0px 0px 0px;\n}\n.carousel-shortcode.carousel-shortcode-id-193add502047c4d0f08e790f273e84ea .owl-nav i {\n  font-size: 18px;\n}\n.carousel-shortcode.carousel-shortcode-id-193add502047c4d0f08e790f273e84ea .owl-nav a:not(:hover) i,\n.carousel-shortcode.carousel-shortcode-id-193add502047c4d0f08e790f273e84ea .owl-nav a:not(:hover) i:before {\n  color: #ffffff;\n  background: none;\n}\n.carousel-shortcode.carousel-shortcode-id-193add502047c4d0f08e790f273e84ea .owl-nav a:hover i,\n.carousel-shortcode.carousel-shortcode-id-193add502047c4d0f08e790f273e84ea .owl-nav a:hover i:before {\n  color: rgba(255,255,255,0.75);\n  background: none;\n}\n.carousel-shortcode.carousel-shortcode-id-193add502047c4d0f08e790f273e84ea .owl-dots {\n  top: calc(100% + 20px);\n  left: 50%;\n  transform: translateX(calc(-50% + 0px));\n}\n@media all and (-ms-high-contrast: none) {\n  .carousel-shortcode.carousel-shortcode-id-193add502047c4d0f08e790f273e84ea .owl-dots {\n    transform: translateX(-50%);\n    margin-left: 0px;\n  }\n}\n.carousel-shortcode.carousel-shortcode-id-193add502047c4d0f08e790f273e84ea .owl-dot {\n  width: 10px;\n  height: 10px;\n  margin: 0 8px;\n}\n@media screen and (max-width: 778px) {\n  .carousel-shortcode.carousel-shortcode-id-193add502047c4d0f08e790f273e84ea.hide-arrows .owl-nav a {\n    display: none;\n  }\n}\n@media screen and (max-width: 778px) {\n  .carousel-shortcode.carousel-shortcode-id-193add502047c4d0f08e790f273e84ea.reposition-arrows .owl-nav .owl-prev {\n    top: 50%;\n    transform: translateY(calc(-50% + 0px));\n    left: 10px;\n  }\n  .carousel-shortcode.carousel-shortcode-id-193add502047c4d0f08e790f273e84ea.reposition-arrows .owl-nav .owl-next {\n    top: 50%;\n    transform: translateY(calc(-50% + 0px));\n    right: 10px;\n  }\n}\n@media screen and (max-width: 778px) and all and (-ms-high-contrast: none) {\n  .carousel-shortcode.carousel-shortcode-id-193add502047c4d0f08e790f273e84ea.reposition-arrows .owl-nav .owl-prev {\n    transform: translateY(-50%);\n    margin-top: 0px;\n  }\n}\n@media screen and (max-width: 778px) and all and (-ms-high-contrast: none) {\n  .carousel-shortcode.carousel-shortcode-id-193add502047c4d0f08e790f273e84ea.reposition-arrows .owl-nav .owl-next {\n    transform: translateY(-50%);\n    margin-top: 0px;\n  }\n}\n<\/style><div class=\"owl-carousel carousel-shortcode dt-owl-carousel-call carousel-shortcode-id-193add502047c4d0f08e790f273e84ea bullets-small-dot-stroke reposition-arrows arrows-bg-on dt-arrow-border-on dt-arrow-hover-border-on disable-arrows-hover-bg arrows-hover-bg-on  \" data-scroll-mode=\"1\" data-col-num=\"3\" data-wide-col-num=\"4\" data-laptop-col=\"3\" data-h-tablet-columns-num=\"3\" data-v-tablet-columns-num=\"2\" data-phone-columns-num=\"1\" data-auto-height=\"true\" data-col-gap=\"30\" data-stage-padding=\"0\" data-speed=\"600\" data-autoplay=\"false\" data-autoplay_speed=\"6000\" data-arrows=\"true\" data-bullet=\"false\" data-next-icon=\"icon-ar-017-r\" data-prev-icon=\"icon-ar-017-l\">[vc_single_image image=\u00a0\u00bb2401&Prime; img_size=\u00a0\u00bb600&#215;200&Prime; alignment=\u00a0\u00bbcenter\u00a0\u00bb lazy_loading=\u00a0\u00bbtrue\u00a0\u00bb css=\u00a0\u00bb.vc_custom_1581587071159{margin-right: 20px !important;}\u00a0\u00bb][vc_single_image image=\u00a0\u00bb2403&Prime; img_size=\u00a0\u00bb600&#215;200&Prime; alignment=\u00a0\u00bbcenter\u00a0\u00bb lazy_loading=\u00a0\u00bbtrue\u00a0\u00bb css=\u00a0\u00bb.vc_custom_1581587023760{margin-top: 30px !important;margin-right: 20px !important;}\u00a0\u00bb][vc_single_image image=\u00a0\u00bb2425&Prime; img_size=\u00a0\u00bb700&#215;300&Prime; alignment=\u00a0\u00bbcenter\u00a0\u00bb lazy_loading=\u00a0\u00bbtrue\u00a0\u00bb css=\u00a0\u00bb.vc_custom_1581586834986{margin-top: 30px !important;margin-right: 20px !important;}\u00a0\u00bb][vc_single_image image=\u00a0\u00bb1856&Prime; img_size=\u00a0\u00bb700&#215;300&Prime; alignment=\u00a0\u00bbcenter\u00a0\u00bb lazy_loading=\u00a0\u00bbtrue\u00a0\u00bb css=\u00a0\u00bb.vc_custom_1581586956917{margin-top: 50px !important;margin-right: 20px !important;}\u00a0\u00bb][vc_single_image image=\u00a0\u00bb2402&Prime; img_size=\u00a0\u00bb700&#215;300&Prime; alignment=\u00a0\u00bbcenter\u00a0\u00bb lazy_loading=\u00a0\u00bbtrue\u00a0\u00bb css=\u00a0\u00bb.vc_custom_1581586947226{margin-top: 50px !important;margin-right: 20px !important;}\u00a0\u00bb]<\/div>[\/vc_column][\/vc_row]<\/p>\n","protected":false},"excerpt":{"rendered":"<p>[vc_row][vc_column width=\u00a0\u00bb1\/6&Prime;][\/vc_column][vc_column width=\u00a0\u00bb2\/3&Prime;][vc_column_text]Le FIRCA a lanc\u00e9 du 03 mai au 17 juin 2022, l\u2019Appel \u00e0 Candidatures pour l\u2019Edition 2022 du Concours de l\u2019Innovation Agricole Durable (CIAD) dans le cadre du Fonds Comp\u00e9titif pour l\u2019Innovation Agricole Durable (FCIAD). Le FIRCA vous remercie pour l\u2019int\u00e9r\u00eat que vous avez port\u00e9 \u00e0 la sixi\u00e8me \u00e9dition du CIAD et par-dessus&hellip;<\/p>\n","protected":false},"author":2,"featured_media":0,"parent":0,"menu_order":0,"comment_status":"closed","ping_status":"closed","template":"","meta":[],"_links":{"self":[{"href":"https:\/\/firca.ci\/fciad\/wp-json\/wp\/v2\/pages\/2792"}],"collection":[{"href":"https:\/\/firca.ci\/fciad\/wp-json\/wp\/v2\/pages"}],"about":[{"href":"https:\/\/firca.ci\/fciad\/wp-json\/wp\/v2\/types\/page"}],"author":[{"embeddable":true,"href":"https:\/\/firca.ci\/fciad\/wp-json\/wp\/v2\/users\/2"}],"replies":[{"embeddable":true,"href":"https:\/\/firca.ci\/fciad\/wp-json\/wp\/v2\/comments?post=2792"}],"version-history":[{"count":3,"href":"https:\/\/firca.ci\/fciad\/wp-json\/wp\/v2\/pages\/2792\/revisions"}],"predecessor-version":[{"id":2795,"href":"https:\/\/firca.ci\/fciad\/wp-json\/wp\/v2\/pages\/2792\/revisions\/2795"}],"wp:attachment":[{"href":"https:\/\/firca.ci\/fciad\/wp-json\/wp\/v2\/media?parent=2792"}],"curies":[{"name":"wp","href":"https:\/\/api.w.org\/{rel}","templated":true}]}}