{"id":276,"date":"2019-10-27T14:01:41","date_gmt":"2019-10-27T13:01:41","guid":{"rendered":"https:\/\/firca.ci\/fciad\/?page_id=276"},"modified":"2020-02-13T11:32:42","modified_gmt":"2020-02-13T10:32:42","slug":"concours-de-linnovation-agricole-durable-2018","status":"publish","type":"page","link":"https:\/\/firca.ci\/fciad\/concours-de-linnovation-agricole-durable-2018\/","title":{"rendered":"R\u00e9sultats Concours de l\u2019Innovation Agricole Durable 2018"},"content":{"rendered":"<p>[vc_row][vc_column width=\u00a0\u00bb1\/6&Prime;][\/vc_column][vc_column width=\u00a0\u00bb2\/3&Prime;][vc_column_text]<\/p>\n<p style=\"text-align: justify;\">Le FIRCA a lanc\u00e9 le 6 septembre 2018, l\u2019Appel \u00e0 Candidatures pour l\u2019Edition 2018 du Concours de l\u2019Innovation Agricole Durable (CIAD) dans le cadre du Fonds Comp\u00e9titif pour l\u2019Innovation Agricole Durable (FCIAD).<\/p>\n<p style=\"text-align: justify;\">Le FIRCA vous remercie pour l\u2019int\u00e9r\u00eat que vous avez port\u00e9 \u00e0 la deuxi\u00e8me \u00e9dition du CIAD et par-dessus tout \u00e0 l\u2019innovation agricole qui est le gage de la transformation de notre agriculture pour la rendre plus productive et plus comp\u00e9titive.<\/p>\n<p style=\"text-align: justify;\">A l\u2019issue de l\u2019\u00e9valuation du Jury du Concours, trois (3) innovations ont \u00e9t\u00e9 retenues pour \u00eatre prim\u00e9es et se pr\u00e9sentent par th\u00e9matique comme suit\u00a0:[\/vc_column_text][vc_accordion active_tab=\u00a0\u00bb0&Prime; title_size=\u00a0\u00bbh5&Prime; style=\u00a0\u00bb2&Prime;][vc_accordion_tab title=\u00a0\u00bbTh\u00e9matique 1: Gestion durable de la fertilit\u00e9 des sols\u00a0\u00bb][vc_column_text]<\/p>\n<table>\n<tbody>\n<tr>\n<td width=\"217\"><strong>Nom du soumissionnaire<\/strong><\/td>\n<td width=\"454\"><strong>Intitul\u00e9 de l\u2019innovation<\/strong><\/td>\n<td width=\"454\"><strong>Rang<\/strong><\/td>\n<\/tr>\n<tr>\n<td width=\"217\">LONO CI<\/td>\n<td width=\"454\">Kubeko compost<\/td>\n<td width=\"454\">1er<\/td>\n<\/tr>\n<\/tbody>\n<\/table>\n<p>[\/vc_column_text][\/vc_accordion_tab][vc_accordion_tab title=\u00a0\u00bbTh\u00e9matique 2: Gestion efficace de l\u2019eau\u00a0\u00bb][vc_column_text]Aucun laur\u00e9at (Concours d\u00e9clar\u00e9 infructueux pour cette \u00e9dition)[\/vc_column_text][\/vc_accordion_tab][vc_accordion_tab title=\u00a0\u00bbTh\u00e9matique 3: Mise au point d\u2019itin\u00e9raires techniques innovants assurant la protection de l\u2019environnement\u00a0\u00bb][vc_column_text]Aucun laur\u00e9at (Concours d\u00e9clar\u00e9 infructueux pour cette \u00e9dition)[\/vc_column_text][\/vc_accordion_tab][vc_accordion_tab title=\u00a0\u00bbTh\u00e9matique 4: Lutte contre les maladies \u00e0 parasites ou \u00e0 virus et les insectes nuisibles qui affectent l\u2019agriculture ivoirienne\u00a0\u00bb][vc_column_text]Aucun laur\u00e9at (Concours d\u00e9clar\u00e9 infructueux pour cette \u00e9dition)[\/vc_column_text][\/vc_accordion_tab][vc_accordion_tab title=\u00a0\u00bbTh\u00e9matique 5: Am\u00e9lioration de la qualit\u00e9 des produits et bonne gestion des intrants\u00a0\u00bb][vc_column_text]<\/p>\n<table>\n<tbody>\n<tr>\n<td width=\"217\"><strong>Nom du soumissionnaire<\/strong><\/td>\n<td width=\"454\"><strong>Intitul\u00e9 de l\u2019innovation<\/strong><\/td>\n<td width=\"454\"><strong>Rang<\/strong><\/td>\n<\/tr>\n<tr>\n<td width=\"217\">GUEDE GNAHOUA FULGENCE<\/td>\n<td width=\"454\">Transformation et conservation de la p\u00e2te naturelle de l\u2019aubergine n\u2019drowa en boite de conserve<\/td>\n<td width=\"454\">1er<\/td>\n<\/tr>\n<tr>\n<td width=\"217\">KOUADIO KEVIN<\/td>\n<td width=\"454\">\u00ab\u00a0Le Badj\u00eah\u00a0\u00bb : panier de pr\u00e9collecte et de pr\u00e9stockage de fond de tasse humide de caoutchouc naturel (h\u00e9v\u00e9a)<\/td>\n<td width=\"454\">2<sup>e<\/sup><\/td>\n<\/tr>\n<\/tbody>\n<\/table>\n<p>[\/vc_column_text][\/vc_accordion_tab][\/vc_accordion][vc_column_text]<\/p>\n<p style=\"text-align: justify;\">Pour toutes informations compl\u00e9mentaires, veuillez contacter la Cellule de Coordination du FCIAD \u00e0 l\u2019adresse suivante :<\/p>\n<p class=\"big\"><strong>FONDS INTERPROFESSIONNEL POUR LA RECHERCHE ET LE CONSEIL AGRICOLES (FIRCA)<\/strong><b><br \/>\n<\/b>T\u00e9l\u00e9phone : +225 22 51 81 81 \/ +225 07 47 64 82<br \/>\n01 BP 3726 Abidjan 01<br \/>\nSis, II Plateaux, 7\u00e8me Tranche<br \/>\nTel : 22 52 81 85 \/ Fax : 22 52 81 87<br \/>\nSite web : www.firca.ci\/fciad<br \/>\nEmail : fciad@firca.ci \/ hbrouzro@firca.ci<\/p>\n<p>[\/vc_column_text][\/vc_column][vc_column width=\u00a0\u00bb1\/6&Prime;][\/vc_column][\/vc_row]<\/p>\n<p>[vc_row css=\u00a0\u00bb.vc_custom_1581050700998{margin-bottom: -70px !important;padding-top: 40px !important;padding-bottom: 40px !important;}\u00a0\u00bb][vc_column]<style type=\"text\/css\" data-type=\"the7_shortcodes-inline-css\">.carousel-shortcode.carousel-shortcode-id-193add502047c4d0f08e790f273e84ea .owl-nav a {\n  width: 36px;\n  height: 36px;\n  border-radius: 500px;\n}\n.dt-arrow-border-on.carousel-shortcode.carousel-shortcode-id-193add502047c4d0f08e790f273e84ea .owl-nav a:not(:hover):before {\n  border-width: 0px;\n}\n.dt-arrow-hover-border-on.carousel-shortcode.carousel-shortcode-id-193add502047c4d0f08e790f273e84ea .owl-nav a:hover:after {\n  border-width: 0px;\n}\n.carousel-shortcode.carousel-shortcode-id-193add502047c4d0f08e790f273e84ea .owl-nav a.owl-prev {\n  top: 50%;\n  transform: translateY(calc(-50% + 0px));\n  left: -43px;\n}\n@media all and (-ms-high-contrast: none) {\n  .carousel-shortcode.carousel-shortcode-id-193add502047c4d0f08e790f273e84ea .owl-nav a.owl-prev {\n    transform: translateY(-50%);\n    margin-top: 0px;\n  }\n}\n.carousel-shortcode.carousel-shortcode-id-193add502047c4d0f08e790f273e84ea .owl-nav a.owl-prev i {\n  padding: 0px 0px 0px 0px;\n}\n.carousel-shortcode.carousel-shortcode-id-193add502047c4d0f08e790f273e84ea .owl-nav a.owl-next {\n  top: 50%;\n  transform: translateY(calc(-50% + 0px));\n  right: -43px;\n}\n@media all and (-ms-high-contrast: none) {\n  .carousel-shortcode.carousel-shortcode-id-193add502047c4d0f08e790f273e84ea .owl-nav a.owl-next {\n    transform: translateY(-50%);\n    margin-top: 0px;\n  }\n}\n.carousel-shortcode.carousel-shortcode-id-193add502047c4d0f08e790f273e84ea .owl-nav a.owl-next i {\n  padding: 0px 0px 0px 0px;\n}\n.carousel-shortcode.carousel-shortcode-id-193add502047c4d0f08e790f273e84ea .owl-nav i {\n  font-size: 18px;\n}\n.carousel-shortcode.carousel-shortcode-id-193add502047c4d0f08e790f273e84ea .owl-nav a:not(:hover) i,\n.carousel-shortcode.carousel-shortcode-id-193add502047c4d0f08e790f273e84ea .owl-nav a:not(:hover) i:before {\n  color: #ffffff;\n  background: none;\n}\n.carousel-shortcode.carousel-shortcode-id-193add502047c4d0f08e790f273e84ea .owl-nav a:hover i,\n.carousel-shortcode.carousel-shortcode-id-193add502047c4d0f08e790f273e84ea .owl-nav a:hover i:before {\n  color: rgba(255,255,255,0.75);\n  background: none;\n}\n.carousel-shortcode.carousel-shortcode-id-193add502047c4d0f08e790f273e84ea .owl-dots {\n  top: calc(100% + 20px);\n  left: 50%;\n  transform: translateX(calc(-50% + 0px));\n}\n@media all and (-ms-high-contrast: none) {\n  .carousel-shortcode.carousel-shortcode-id-193add502047c4d0f08e790f273e84ea .owl-dots {\n    transform: translateX(-50%);\n    margin-left: 0px;\n  }\n}\n.carousel-shortcode.carousel-shortcode-id-193add502047c4d0f08e790f273e84ea .owl-dot {\n  width: 10px;\n  height: 10px;\n  margin: 0 8px;\n}\n@media screen and (max-width: 778px) {\n  .carousel-shortcode.carousel-shortcode-id-193add502047c4d0f08e790f273e84ea.hide-arrows .owl-nav a {\n    display: none;\n  }\n}\n@media screen and (max-width: 778px) {\n  .carousel-shortcode.carousel-shortcode-id-193add502047c4d0f08e790f273e84ea.reposition-arrows .owl-nav .owl-prev {\n    top: 50%;\n    transform: translateY(calc(-50% + 0px));\n    left: 10px;\n  }\n  .carousel-shortcode.carousel-shortcode-id-193add502047c4d0f08e790f273e84ea.reposition-arrows .owl-nav .owl-next {\n    top: 50%;\n    transform: translateY(calc(-50% + 0px));\n    right: 10px;\n  }\n}\n@media screen and (max-width: 778px) and all and (-ms-high-contrast: none) {\n  .carousel-shortcode.carousel-shortcode-id-193add502047c4d0f08e790f273e84ea.reposition-arrows .owl-nav .owl-prev {\n    transform: translateY(-50%);\n    margin-top: 0px;\n  }\n}\n@media screen and (max-width: 778px) and all and (-ms-high-contrast: none) {\n  .carousel-shortcode.carousel-shortcode-id-193add502047c4d0f08e790f273e84ea.reposition-arrows .owl-nav .owl-next {\n    transform: translateY(-50%);\n    margin-top: 0px;\n  }\n}\n<\/style><div class=\"owl-carousel carousel-shortcode dt-owl-carousel-call carousel-shortcode-id-193add502047c4d0f08e790f273e84ea bullets-small-dot-stroke reposition-arrows arrows-bg-on dt-arrow-border-on dt-arrow-hover-border-on disable-arrows-hover-bg arrows-hover-bg-on  \" data-scroll-mode=\"1\" data-col-num=\"3\" data-wide-col-num=\"4\" data-laptop-col=\"3\" data-h-tablet-columns-num=\"3\" data-v-tablet-columns-num=\"2\" data-phone-columns-num=\"1\" data-auto-height=\"true\" data-col-gap=\"30\" data-stage-padding=\"0\" data-speed=\"600\" data-autoplay=\"false\" data-autoplay_speed=\"6000\" data-arrows=\"true\" data-bullet=\"false\" data-next-icon=\"icon-ar-017-r\" data-prev-icon=\"icon-ar-017-l\">[vc_single_image image=\u00a0\u00bb2401&Prime; img_size=\u00a0\u00bb600&#215;200&Prime; alignment=\u00a0\u00bbcenter\u00a0\u00bb lazy_loading=\u00a0\u00bbtrue\u00a0\u00bb css=\u00a0\u00bb.vc_custom_1581587071159{margin-right: 20px !important;}\u00a0\u00bb][vc_single_image image=\u00a0\u00bb2403&Prime; img_size=\u00a0\u00bb600&#215;200&Prime; alignment=\u00a0\u00bbcenter\u00a0\u00bb lazy_loading=\u00a0\u00bbtrue\u00a0\u00bb css=\u00a0\u00bb.vc_custom_1581587023760{margin-top: 30px !important;margin-right: 20px !important;}\u00a0\u00bb][vc_single_image image=\u00a0\u00bb2425&Prime; img_size=\u00a0\u00bb700&#215;300&Prime; alignment=\u00a0\u00bbcenter\u00a0\u00bb lazy_loading=\u00a0\u00bbtrue\u00a0\u00bb css=\u00a0\u00bb.vc_custom_1581586834986{margin-top: 30px !important;margin-right: 20px !important;}\u00a0\u00bb][vc_single_image image=\u00a0\u00bb1856&Prime; img_size=\u00a0\u00bb700&#215;300&Prime; alignment=\u00a0\u00bbcenter\u00a0\u00bb lazy_loading=\u00a0\u00bbtrue\u00a0\u00bb css=\u00a0\u00bb.vc_custom_1581586956917{margin-top: 50px !important;margin-right: 20px !important;}\u00a0\u00bb][vc_single_image image=\u00a0\u00bb2402&Prime; img_size=\u00a0\u00bb700&#215;300&Prime; alignment=\u00a0\u00bbcenter\u00a0\u00bb lazy_loading=\u00a0\u00bbtrue\u00a0\u00bb css=\u00a0\u00bb.vc_custom_1581586947226{margin-top: 50px !important;margin-right: 20px !important;}\u00a0\u00bb]<\/div>[\/vc_column][\/vc_row]<\/p>\n","protected":false},"excerpt":{"rendered":"<p>[vc_row][vc_column width=\u00a0\u00bb1\/6&Prime;][\/vc_column][vc_column width=\u00a0\u00bb2\/3&Prime;][vc_column_text] Le FIRCA a lanc\u00e9 le 6 septembre 2018, l\u2019Appel \u00e0 Candidatures pour l\u2019Edition 2018 du Concours de l\u2019Innovation Agricole Durable (CIAD) dans le cadre du Fonds Comp\u00e9titif pour l\u2019Innovation Agricole Durable (FCIAD). Le FIRCA vous remercie pour l\u2019int\u00e9r\u00eat que vous avez port\u00e9 \u00e0 la deuxi\u00e8me \u00e9dition du CIAD et par-dessus tout \u00e0&hellip;<\/p>\n","protected":false},"author":1,"featured_media":0,"parent":0,"menu_order":0,"comment_status":"closed","ping_status":"closed","template":"","meta":[],"_links":{"self":[{"href":"https:\/\/firca.ci\/fciad\/wp-json\/wp\/v2\/pages\/276"}],"collection":[{"href":"https:\/\/firca.ci\/fciad\/wp-json\/wp\/v2\/pages"}],"about":[{"href":"https:\/\/firca.ci\/fciad\/wp-json\/wp\/v2\/types\/page"}],"author":[{"embeddable":true,"href":"https:\/\/firca.ci\/fciad\/wp-json\/wp\/v2\/users\/1"}],"replies":[{"embeddable":true,"href":"https:\/\/firca.ci\/fciad\/wp-json\/wp\/v2\/comments?post=276"}],"version-history":[{"count":14,"href":"https:\/\/firca.ci\/fciad\/wp-json\/wp\/v2\/pages\/276\/revisions"}],"predecessor-version":[{"id":2227,"href":"https:\/\/firca.ci\/fciad\/wp-json\/wp\/v2\/pages\/276\/revisions\/2227"}],"wp:attachment":[{"href":"https:\/\/firca.ci\/fciad\/wp-json\/wp\/v2\/media?parent=276"}],"curies":[{"name":"wp","href":"https:\/\/api.w.org\/{rel}","templated":true}]}}