{"id":2545,"date":"2020-03-16T09:35:22","date_gmt":"2020-03-16T08:35:22","guid":{"rendered":"https:\/\/firca.ci\/fciad\/?page_id=2545"},"modified":"2021-04-15T05:01:02","modified_gmt":"2021-04-15T03:01:02","slug":"edition-2020","status":"publish","type":"page","link":"https:\/\/firca.ci\/fciad\/edition-2020\/","title":{"rendered":"Edition 2020"},"content":{"rendered":"<p>[vc_row][vc_column][vc_column_text]<\/p>\n<h3>QUATRIEME EDITION DU CONCOURS DE L\u2019INNOVATION AGRICOLE DURABLE (CIAD)<\/h3>\n<p><strong>Contexte et justification<\/strong><\/p>\n<p>A l\u2019horizon 2040, la population de la C\u00f4te d\u2019Ivoire aura d\u00e9pass\u00e9 50 millions d\u2019habitants. L\u2019agriculture ivoirienne devra \u00eatre apte \u00e0 faire face \u00e0 cette croissance d\u00e9mographique et \u00e0 nourrir toute la population. Dans un contexte de r\u00e9duction des terres disponibles pour l\u2019agriculture, de nouvelles m\u00e9thodes de production innovantes, durables et socialement responsables devraient \u00eatre adopt\u00e9es. Conscient de ces enjeux, l\u2019Etat de C\u00f4te d\u2019Ivoire a d\u00e9cid\u00e9 de la cr\u00e9ation d\u2019un Fonds pour le financement de l\u2019Innovation Agricole Durable (FCIAD), dans le cadre de la deuxi\u00e8me phase du Contrat de D\u00e9sendettement et de D\u00e9veloppement (C2D). A cet effet, la C\u00f4te d\u2019Ivoire et l\u2019AFD ont sign\u00e9 le 28 avril 2016, la convention AFD N\u00b0 CCI 1434 01F d\u2019affectation du programme Fili\u00e8res Agricoles Durables de C\u00f4te d\u2019Ivoire (FADCI).<\/p>\n<p>Composante 1 du volet 2 du FADCI, le FCIAD contribue \u00e0 la durabilit\u00e9 des syst\u00e8mes de productions agricoles en C\u00f4te d\u2019Ivoire, \u00e0 travers le financement de projets de recherche appliqu\u00e9e porteurs d\u2019innovations.<\/p>\n<p style=\"text-align: justify;\"><strong>Objectifs du FCIAD et du Concours de l\u2019Innovation Agricole Durable (CIAD)<\/strong><\/p>\n<p>L\u2019objectif g\u00e9n\u00e9ral du Fonds Comp\u00e9titif pour l\u2019Innovation Agricole Durable (FCIAD) est de contribuer \u00e0 l\u2019am\u00e9lioration de la production agricole, animale, halieutique et foresti\u00e8re. Il devrait stimuler, faciliter et renforcer l\u2019utilisation des innovations permettant d\u2019am\u00e9liorer ces productions.<\/p>\n<p>Organis\u00e9 annuellement, le <strong>Concours de l\u2019Innovation Agricole Durable (CIAD)<\/strong> r\u00e9compense les meilleures innovations produites ou imagin\u00e9es. Ce concours permettra ainsi de faire connaitre ces r\u00e9alisations qui n\u2019auraient pas forc\u00e9ment \u00e9t\u00e9 port\u00e9es \u00e0 la connaissance des acteurs et aura \u00e9galement comme effet de cr\u00e9er une dynamique de communication autour de l\u2019innovation en Agriculture et de promouvoir les inventeurs.<\/p>\n<p>Le CIAD permettra de valoriser et gratifier des exp\u00e9riences r\u00e9ussies et des bonnes pratiques d\u00e9velopp\u00e9es par des institutions ou des personnes engag\u00e9es dans l\u2019innovation. De mani\u00e8re sp\u00e9cifique les objectifs sont de\u00a0:<\/p>\n<ul>\n<li>r\u00e9compenser et inciter les entreprises ou tout autre promoteur ayant d\u00e9velopp\u00e9 un projet innovant afin d\u2019instaurer une culture de l\u2019innovation\u2009;<\/li>\n<li>promouvoir et m\u00e9diatiser les r\u00e9sultats des projets d\u2019innovation d\u00e9velopp\u00e9s par les op\u00e9rateurs \u00e9conomiques\u2009;<\/li>\n<li>\u0153uvrer au rapprochement entre concepteurs d\u2019innovations et utilisateurs finaux.<\/li>\n<\/ul>\n<p style=\"text-align: justify;\"><strong>Champ d\u2019application de l\u2019Appel \u00e0 Candidature<\/strong><\/p>\n<p>Les innovations devront imp\u00e9rativement \u00eatre pr\u00e9sent\u00e9es dans une seule th\u00e9matique couverte par le FCIAD \u00e0 savoir\u00a0:<\/p>\n<ol>\n<li><strong>gestion durable de la fertilit\u00e9 des sols\u2009;<\/strong><\/li>\n<li><strong>gestion efficace de l\u2019eau\u2009;<\/strong><\/li>\n<li><strong>mise au point d\u2019itin\u00e9raires techniques innovants assurant la protection de l\u2019environnement\u2009;<\/strong><\/li>\n<li><strong>lutte contre les maladies \u00e0 parasites ou \u00e0 virus et les insectes nuisibles qui affectent l\u2019agriculture ivoirienne\u2009;<\/strong><\/li>\n<li><strong>am\u00e9lioration de la qualit\u00e9 des produits et la bonne gestion des intrants.<\/strong><\/li>\n<\/ol>\n<p style=\"text-align: justify;\"><strong>Participants au Concours de l\u2019Innovation Agricole Durable<\/strong><\/p>\n<p>Peuvent participer au concours, quatre (04) cat\u00e9gories de candidats\u00a0:<\/p>\n<ul>\n<li><strong>Entreprises agricoles et prestataires de services li\u00e9s \u00e0 l\u2019agriculture : <\/strong>toute entreprise en activit\u00e9 implant\u00e9e en C\u00f4te d\u2019Ivoire, nomm\u00e9ment repr\u00e9sent\u00e9e par l&rsquo;un de ses dirigeants et travaillant sur un projet innovant ;<\/li>\n<li><strong>\u00c9tablissements universitaires, centres, laboratoires ou unit\u00e9s de recherche (publics ou priv\u00e9s) : <\/strong>\u00e9quipes d\u2019universitaires ou de chercheurs repr\u00e9sent\u00e9es par leurs organismes de recherche en C\u00f4te d\u2019Ivoire, qui travaillent sur un projet innovant ;<\/li>\n<li><strong>Start up \/ Jeunes Entrepreneurs : <\/strong>toutes jeunes entreprises ivoiriennes en phase de d\u00e9marrage et jeunes entrepreneurs repr\u00e9sent\u00e9s par une personne majeure (ou \u00e9quipe de personnes avec un porteur de projet principal), dont le projet porte sur la cr\u00e9ation\/d\u00e9veloppement d&rsquo;un produit\/proc\u00e9d\u00e9 innovant ;<\/li>\n<li><strong>Inventeurs ind\u00e9pendants : <\/strong>toute personne physique r\u00e9sidant en C\u00f4te d\u2019Ivoire (ou \u00e9quipe de personnes avec un porteur de projet principal), travaillant sur un projet innovant.<\/li>\n<\/ul>\n<p style=\"text-align: justify;\"><strong>Ne peuvent pas concourir :<\/strong><\/p>\n<p style=\"text-align: justify;\">Les candidats (personnes morales ou physiques) non ivoiriens qui ne r\u00e9sident pas en C\u00f4te d\u2019Ivoire, les membres des jurys, les experts sollicit\u00e9s dans le cadre du pr\u00e9sent concours, ainsi que les membres de leur famille (conjoints, ascendants, descendants et collat\u00e9raux au premier degr\u00e9), les employ\u00e9s du FIRCA et des partenaires qui travaillent autour de ce concours.<\/p>\n<p style=\"text-align: justify;\"><strong>M\u00e9thodes de s\u00e9lection des dossiers<\/strong><\/p>\n<p style=\"text-align: justify;\">Les dossiers des soumissionnaires seront \u00e9valu\u00e9s par un Jury, constitu\u00e9 des membres du Comit\u00e9 Scientifique et Technique du FCIAD.<\/p>\n<p style=\"text-align: justify;\">Les trois premiers dossiers \u00e9ligibles par th\u00e9matique seront prim\u00e9s. En cas d\u2019\u00e9galit\u00e9, le jury proc\u00e8dera \u00e0 un tirage au sort.<\/p>\n<p style=\"text-align: justify;\"><strong>Modalit\u00e9s de soumission<\/strong><\/p>\n<p style=\"text-align: justify;\">Le dossier de candidature doit \u00eatre <strong>t\u00e9l\u00e9charg\u00e9 sur le site web : <\/strong><a href=\"http:\/\/www.firca.ci\/fciad\"><strong>www.firca.ci\/fciad<\/strong><\/a><strong>.<\/strong><\/p>\n<p style=\"text-align: justify;\">La proposition doit \u00eatre r\u00e9dig\u00e9e en langue fran\u00e7aise et comporter les documents suivants conform\u00e9ment aux prescriptions du Dossier d\u2019Appel \u00e0 Candidature :<\/p>\n<ol>\n<li>une fiche d\u2019inscription au concours ;<\/li>\n<li>une fiche de pr\u00e9sentation du candidat ;<\/li>\n<li>une lettre d&rsquo;engagement sign\u00e9e par le postulant comportant une d\u00e9claration sur l&rsquo;honneur certifiant \u00eatre le propri\u00e9taire de l\u2019innovation ou avoir tous les droits pour l\u2019exploitation de cette innovation en C\u00f4te d\u2019Ivoire ;<\/li>\n<li>une description sommaire de l\u2019innovation, non confidentiel (en langue fran\u00e7aise, caract\u00e8re Arial, corps 11, interlignage 1) d&rsquo;une page maximum. Cette description pourra \u00eatre publi\u00e9e sur les supports de communication du FCIAD. Aussi, devra-t-elle \u00eatre r\u00e9dig\u00e9e dans le but de permettre une parfaite compr\u00e9hension de l\u2019innovation et pr\u00e9senter de mani\u00e8re claire et pr\u00e9cise les contributions qu\u2019apportent cette innovation dans le domaine retenu.<\/li>\n<\/ol>\n<p style=\"text-align: justify;\">Les dossiers pourront comporter des illustrations (photos ou sch\u00e9mas) claires et sans t\u00e2ches, imprim\u00e9es en haute d\u00e9finition et en couleur, ins\u00e9r\u00e9es dans quatre (4) pages maximum, \u00e0 la fin du dossier.<\/p>\n<p style=\"text-align: justify;\">Une enveloppe ne comportant aucune indication permettant d\u2019identifier son d\u00e9positaire, contiendra l\u2019ensemble du dossier. Sur celle-ci doivent \u00eatre mentionn\u00e9s express\u00e9ment :<\/p>\n<ul>\n<li>\u00ab Concours pour l\u2019Innovation Agricole Durable (CIAD) &#8211; Edition 2019 \u00bb ;<\/li>\n<li>\u00ab Dossier de candidature pour la th\u00e9matique\u2026. \u00bb (Indiquer la th\u00e9matique telle que pr\u00e9cis\u00e9e au point 3)<\/li>\n<li>\u00ab <strong>A OUVRIR UNIQUEMENT EN SEANCE DU COMITE DES AGREMENTS ET DES MARCHES (CAM) \u00bb<\/strong>.<\/li>\n<\/ul>\n<p style=\"text-align: justify;\">Cette enveloppe doit contenir le dossier de soumission en 8 exemplaires dont 1 original ainsi qu\u2019une copie \u00e9lectronique sur CD-Rom ou cl\u00e9 USB.<\/p>\n<p style=\"text-align: justify;\"><strong>Lieu et date limite de soumission<\/strong><\/p>\n<p style=\"text-align: justify;\">Les offres doivent parvenir en <em>huit (8)<\/em> exemplaires dont un (01) original et sept (07) copies au plus tard le <strong>29 juillet 2019 \u00e0 15h00 (GMT)<\/strong> \u00e0 l\u2019adresse suivante :<\/p>\n<p style=\"text-align: center;\"><strong>FONDS INTERPROFESSIONNEL POUR LA RECHERCHE <\/strong><strong>ET LE CONSEIL AGRICOLES (FIRCA) <\/strong><br \/>\n01 BP 3726 Abidjan 01<br \/>\nSis, II Plateaux, 7<sup>\u00e8me<\/sup> Tranche<br \/>\nTel : 22 52 81 81 \/ Fax : 22 52 81 87<br \/>\nEmail : <a href=\"mailto:firca@firca.ci\">hbrouzro@firca.ci<\/a><\/p>\n<p>[\/vc_column_text][\/vc_column][\/vc_row]<\/p>\n","protected":false},"excerpt":{"rendered":"<p>[vc_row][vc_column][vc_column_text] QUATRIEME EDITION DU CONCOURS DE L\u2019INNOVATION AGRICOLE DURABLE (CIAD) Contexte et justification A l\u2019horizon 2040, la population de la C\u00f4te d\u2019Ivoire aura d\u00e9pass\u00e9 50 millions d\u2019habitants. L\u2019agriculture ivoirienne devra \u00eatre apte \u00e0 faire face \u00e0 cette croissance d\u00e9mographique et \u00e0 nourrir toute la population. Dans un contexte de r\u00e9duction des terres disponibles pour l\u2019agriculture,&hellip;<\/p>\n","protected":false},"author":1,"featured_media":0,"parent":0,"menu_order":0,"comment_status":"closed","ping_status":"closed","template":"","meta":[],"_links":{"self":[{"href":"https:\/\/firca.ci\/fciad\/wp-json\/wp\/v2\/pages\/2545"}],"collection":[{"href":"https:\/\/firca.ci\/fciad\/wp-json\/wp\/v2\/pages"}],"about":[{"href":"https:\/\/firca.ci\/fciad\/wp-json\/wp\/v2\/types\/page"}],"author":[{"embeddable":true,"href":"https:\/\/firca.ci\/fciad\/wp-json\/wp\/v2\/users\/1"}],"replies":[{"embeddable":true,"href":"https:\/\/firca.ci\/fciad\/wp-json\/wp\/v2\/comments?post=2545"}],"version-history":[{"count":14,"href":"https:\/\/firca.ci\/fciad\/wp-json\/wp\/v2\/pages\/2545\/revisions"}],"predecessor-version":[{"id":2756,"href":"https:\/\/firca.ci\/fciad\/wp-json\/wp\/v2\/pages\/2545\/revisions\/2756"}],"wp:attachment":[{"href":"https:\/\/firca.ci\/fciad\/wp-json\/wp\/v2\/media?parent=2545"}],"curies":[{"name":"wp","href":"https:\/\/api.w.org\/{rel}","templated":true}]}}