{"id":1988,"date":"2020-01-06T09:06:05","date_gmt":"2020-01-06T08:06:05","guid":{"rendered":"https:\/\/firca.ci\/fciad\/?page_id=1988"},"modified":"2020-02-13T11:30:08","modified_gmt":"2020-02-13T10:30:08","slug":"resultats-du-cinquieme-appel-a-projets-innovants","status":"publish","type":"page","link":"https:\/\/firca.ci\/fciad\/resultats-du-cinquieme-appel-a-projets-innovants\/","title":{"rendered":"R\u00e9sultats du cinqui\u00e8me Appel \u00e0 Projets Innovants"},"content":{"rendered":"<p>[vc_row][vc_column width=\u00a0\u00bb1\/6&Prime;][\/vc_column][vc_column width=\u00a0\u00bb2\/3&Prime;][vc_column_text]<\/p>\n<p style=\"text-align: justify;\">Suite \u00e0 l\u2019Appel \u00e0 Projets lanc\u00e9 le 2 septembre 2019, le FCIAD a enregistr\u00e9 32 dossiers soumis par 20 structures. Apr\u00e8s l\u2019analyse des dossiers, le Comit\u00e9 de Pilotage du FCIAD a retenu les 4 projets suivants par th\u00e9matique :[\/vc_column_text][vc_accordion active_tab=\u00a0\u00bb0&Prime; title_size=\u00a0\u00bbh5&Prime; style=\u00a0\u00bb2&Prime;][vc_accordion_tab title=\u00a0\u00bbTh\u00e9matique 1 : Gestion durable de la fertilit\u00e9 des sols\u00a0\u00bb][vc_column_text]<\/p>\n<table>\n<tbody>\n<tr style=\"height: 23px;\">\n<td style=\"height: 23px; width: 21.4888%;\" width=\"217\">Structure<\/td>\n<td style=\"height: 23px; width: 40.0281%;\" width=\"454\">Titre du Projet<\/td>\n<td style=\"height: 23px; width: 37.0787%;\" width=\"454\">Fiche Signalitique du Projet<\/td>\n<\/tr>\n<tr>\n<td style=\"width: 21.4888%;\" width=\"199\">LONO<\/td>\n<td style=\"height: 71px; width: 40.0281%;\" width=\"454\">Projet de valorisation des d\u00e9chets organiques pour la production de fertilisants pour les plantations villageoises de palmier \u00e0 huile dans les localit\u00e9s de Divo<\/td>\n<td width=\"454\"><a href=\"#\"><img loading=\"lazy\" class=\"alignnone\" src=\"https:\/\/firca.ci\/fciad\/wp-content\/uploads\/2020\/01\/telecharger.png\" alt=\"\" width=\"135\" height=\"53\" \/><\/a><\/td>\n<\/tr>\n<\/tbody>\n<\/table>\n<p>[\/vc_column_text][\/vc_accordion_tab][vc_accordion_tab title=\u00a0\u00bbTh\u00e9matique 2 : Gestion efficace de l\u2019eau\u00a0\u00bb][vc_column_text]<\/p>\n<table>\n<tbody>\n<tr>\n<td width=\"217\">Structure<\/td>\n<td width=\"454\">Titre du Projet<\/td>\n<td width=\"454\">Fiche Signalitique du Projet<\/td>\n<\/tr>\n<tr>\n<td width=\"217\">Centre National de Recherche Agronomique (CNRA)<\/td>\n<td width=\"454\">Des blocs alimentaires pour l\u2019am\u00e9lioration de la productivit\u00e9 du Tilapia en grossissement<\/td>\n<td width=\"454\"><a href=\"https:\/\/firca.ci\/fciad\/download\/Des blocs alimentaires pour l\u2019am\u00e9lioration de la productivit\u00e9 du Tilapia en grossissement\/?wpdmdl=2356&amp;masterkey=5a7097e693022\" rel=\"noopener\"><img loading=\"lazy\" class=\"alignnone\" src=\"https:\/\/firca.ci\/fciad\/wp-content\/uploads\/2020\/01\/telecharger.png\" alt=\"\" width=\"135\" height=\"53\" \/><\/a><\/td>\n<\/tr>\n<\/tbody>\n<\/table>\n<p>[\/vc_column_text][\/vc_accordion_tab][vc_accordion_tab title=\u00a0\u00bbTh\u00e9matique 3 : Mise au point d\u2019itin\u00e9raires techniques innovants assurant la protection de l\u2019environnement\u00a0\u00bb][vc_column_text]<\/p>\n<table style=\"width: 100%;\">\n<tbody>\n<tr>\n<td style=\"width: 21.2079%;\" width=\"217\">Structure<\/td>\n<td style=\"width: 38.3427%;\" width=\"454\">Titre du Projet<\/td>\n<td style=\"width: 39.0449%;\" width=\"454\">Fiche Signalitique du Projet<\/td>\n<\/tr>\n<tr>\n<td style=\"width: 21.2079%;\" width=\"217\">Universit\u00e9 P\u00e9l\u00e9foro Gon Coulibaly (UPGC)<\/td>\n<td style=\"width: 38.3427%;\" width=\"454\">Am\u00e9lioration de la production fruiti\u00e8re du karit\u00e9 par la R\u00e9g\u00e9n\u00e9ration Naturelle Assist\u00e9e et la production de plants greff\u00e9s dans les r\u00e9gions de la Bagou\u00e9 et du Tchologo<\/td>\n<td width=\"454\"><a href=\"https:\/\/firca.ci\/fciad\/download\/Am\u00e9lioration de la production fruiti\u00e8re du karit\u00e9 par la R\u00e9g\u00e9n\u00e9ration Naturelle Assist\u00e9e et la production de plants greff\u00e9s dans les r\u00e9gions de la Bagou\u00e9 et du Tchologo\/?wpdmdl=2364&amp;masterkey=5a7097e693022\" rel=\"noopener\"><img loading=\"lazy\" class=\"alignnone\" src=\"https:\/\/firca.ci\/fciad\/wp-content\/uploads\/2020\/01\/telecharger.png\" alt=\"\" width=\"135\" height=\"53\" \/><\/a><\/td>\n<\/tr>\n<\/tbody>\n<\/table>\n<p>[\/vc_column_text][\/vc_accordion_tab][vc_accordion_tab title=\u00a0\u00bbTh\u00e9matique 4 : Lutte contre les maladies \u00e0 parasites ou \u00e0 virus et les insectes nuisibles qui affectent l\u2019agriculture ivoirienne\u00a0\u00bb][vc_column_text]<\/p>\n<p style=\"text-align: justify;\">Aucun projet n\u2019a obtenu la note minimale requise (70\/100 points) pour \u00eatre retenu.<\/p>\n<p>[\/vc_column_text][\/vc_accordion_tab][vc_accordion_tab title=\u00a0\u00bbTh\u00e9matique 5 : Am\u00e9lioration de la qualit\u00e9 des produits et bonne gestion des intrants\u00a0\u00bb][vc_column_text]<\/p>\n<table>\n<tbody>\n<tr>\n<td width=\"217\">Structure<\/td>\n<td width=\"454\">Titre du Projet<\/td>\n<td width=\"454\">Fiche Signalitique du Projet<\/td>\n<\/tr>\n<tr>\n<td width=\"217\">Centre National de Recherche Agronomique (CNRA)<\/td>\n<td width=\"454\">Autonomisation des femmes transformatrices de riz en C\u00f4te d\u2019Ivoire par le transfert de technologies d\u2019\u00e9tuvage am\u00e9lior\u00e9 GEM et de comp\u00e9tences<\/td>\n<td width=\"454\"><a href=\"#\"><img loading=\"lazy\" class=\"alignnone\" src=\"https:\/\/firca.ci\/fciad\/wp-content\/uploads\/2020\/01\/telecharger.png\" alt=\"\" width=\"135\" height=\"53\" \/><\/a><\/td>\n<\/tr>\n<\/tbody>\n<\/table>\n<p>[\/vc_column_text][\/vc_accordion_tab][\/vc_accordion][vc_empty_space height=\u00a0\u00bb16px\u00a0\u00bb][vc_column_text]<\/p>\n<p style=\"text-align: left;\">Pour toutes informations compl\u00e9mentaires, veuillez contacter la Cellule de Coordination du FCIAD \u00e0 l\u2019adresse suivante :<\/p>\n<p style=\"text-align: left;\"><strong>FONDS INTERPROFESSIONNEL POUR LA RECHERCHE <\/strong><strong>ET LE CONSEIL AGRICOLES (FIRCA)<br \/>\n<\/strong>01 BP 3726 Abidjan 01<br \/>\nSis, II Plateaux, 7<sup>\u00e8me<\/sup> Tranche<br \/>\nTel : 22 52 81 85 \/ Fax : 22 52 81 87<br \/>\nSite web : <a href=\"http:\/\/www.firca.ci\">www.firca.ci<\/a>\/fciad<br \/>\nEmail : <a href=\"mailto:fciad@firca.ci\">fciad@firca.ci<\/a> <a href=\"mailto:\/%20hbrouzro@firca.ci\">\/ hbrouzro@firca.ci<\/a><\/p>\n<p>[\/vc_column_text][\/vc_column][vc_column width=\u00a0\u00bb1\/6&Prime;][\/vc_column][\/vc_row]<\/p>\n<p>[vc_row css=\u00a0\u00bb.vc_custom_1581050700998{margin-bottom: -70px !important;padding-top: 40px !important;padding-bottom: 40px !important;}\u00a0\u00bb][vc_column]<style type=\"text\/css\" data-type=\"the7_shortcodes-inline-css\">.carousel-shortcode.carousel-shortcode-id-193add502047c4d0f08e790f273e84ea .owl-nav a {\n  width: 36px;\n  height: 36px;\n  border-radius: 500px;\n}\n.dt-arrow-border-on.carousel-shortcode.carousel-shortcode-id-193add502047c4d0f08e790f273e84ea .owl-nav a:not(:hover):before {\n  border-width: 0px;\n}\n.dt-arrow-hover-border-on.carousel-shortcode.carousel-shortcode-id-193add502047c4d0f08e790f273e84ea .owl-nav a:hover:after {\n  border-width: 0px;\n}\n.carousel-shortcode.carousel-shortcode-id-193add502047c4d0f08e790f273e84ea .owl-nav a.owl-prev {\n  top: 50%;\n  transform: translateY(calc(-50% + 0px));\n  left: -43px;\n}\n@media all and (-ms-high-contrast: none) {\n  .carousel-shortcode.carousel-shortcode-id-193add502047c4d0f08e790f273e84ea .owl-nav a.owl-prev {\n    transform: translateY(-50%);\n    margin-top: 0px;\n  }\n}\n.carousel-shortcode.carousel-shortcode-id-193add502047c4d0f08e790f273e84ea .owl-nav a.owl-prev i {\n  padding: 0px 0px 0px 0px;\n}\n.carousel-shortcode.carousel-shortcode-id-193add502047c4d0f08e790f273e84ea .owl-nav a.owl-next {\n  top: 50%;\n  transform: translateY(calc(-50% + 0px));\n  right: -43px;\n}\n@media all and (-ms-high-contrast: none) {\n  .carousel-shortcode.carousel-shortcode-id-193add502047c4d0f08e790f273e84ea .owl-nav a.owl-next {\n    transform: translateY(-50%);\n    margin-top: 0px;\n  }\n}\n.carousel-shortcode.carousel-shortcode-id-193add502047c4d0f08e790f273e84ea .owl-nav a.owl-next i {\n  padding: 0px 0px 0px 0px;\n}\n.carousel-shortcode.carousel-shortcode-id-193add502047c4d0f08e790f273e84ea .owl-nav i {\n  font-size: 18px;\n}\n.carousel-shortcode.carousel-shortcode-id-193add502047c4d0f08e790f273e84ea .owl-nav a:not(:hover) i,\n.carousel-shortcode.carousel-shortcode-id-193add502047c4d0f08e790f273e84ea .owl-nav a:not(:hover) i:before {\n  color: #ffffff;\n  background: none;\n}\n.carousel-shortcode.carousel-shortcode-id-193add502047c4d0f08e790f273e84ea .owl-nav a:hover i,\n.carousel-shortcode.carousel-shortcode-id-193add502047c4d0f08e790f273e84ea .owl-nav a:hover i:before {\n  color: rgba(255,255,255,0.75);\n  background: none;\n}\n.carousel-shortcode.carousel-shortcode-id-193add502047c4d0f08e790f273e84ea .owl-dots {\n  top: calc(100% + 20px);\n  left: 50%;\n  transform: translateX(calc(-50% + 0px));\n}\n@media all and (-ms-high-contrast: none) {\n  .carousel-shortcode.carousel-shortcode-id-193add502047c4d0f08e790f273e84ea .owl-dots {\n    transform: translateX(-50%);\n    margin-left: 0px;\n  }\n}\n.carousel-shortcode.carousel-shortcode-id-193add502047c4d0f08e790f273e84ea .owl-dot {\n  width: 10px;\n  height: 10px;\n  margin: 0 8px;\n}\n@media screen and (max-width: 778px) {\n  .carousel-shortcode.carousel-shortcode-id-193add502047c4d0f08e790f273e84ea.hide-arrows .owl-nav a {\n    display: none;\n  }\n}\n@media screen and (max-width: 778px) {\n  .carousel-shortcode.carousel-shortcode-id-193add502047c4d0f08e790f273e84ea.reposition-arrows .owl-nav .owl-prev {\n    top: 50%;\n    transform: translateY(calc(-50% + 0px));\n    left: 10px;\n  }\n  .carousel-shortcode.carousel-shortcode-id-193add502047c4d0f08e790f273e84ea.reposition-arrows .owl-nav .owl-next {\n    top: 50%;\n    transform: translateY(calc(-50% + 0px));\n    right: 10px;\n  }\n}\n@media screen and (max-width: 778px) and all and (-ms-high-contrast: none) {\n  .carousel-shortcode.carousel-shortcode-id-193add502047c4d0f08e790f273e84ea.reposition-arrows .owl-nav .owl-prev {\n    transform: translateY(-50%);\n    margin-top: 0px;\n  }\n}\n@media screen and (max-width: 778px) and all and (-ms-high-contrast: none) {\n  .carousel-shortcode.carousel-shortcode-id-193add502047c4d0f08e790f273e84ea.reposition-arrows .owl-nav .owl-next {\n    transform: translateY(-50%);\n    margin-top: 0px;\n  }\n}\n<\/style><div class=\"owl-carousel carousel-shortcode dt-owl-carousel-call carousel-shortcode-id-193add502047c4d0f08e790f273e84ea bullets-small-dot-stroke reposition-arrows arrows-bg-on dt-arrow-border-on dt-arrow-hover-border-on disable-arrows-hover-bg arrows-hover-bg-on  \" data-scroll-mode=\"1\" data-col-num=\"3\" data-wide-col-num=\"4\" data-laptop-col=\"3\" data-h-tablet-columns-num=\"3\" data-v-tablet-columns-num=\"2\" data-phone-columns-num=\"1\" data-auto-height=\"true\" data-col-gap=\"30\" data-stage-padding=\"0\" data-speed=\"600\" data-autoplay=\"false\" data-autoplay_speed=\"6000\" data-arrows=\"true\" data-bullet=\"false\" data-next-icon=\"icon-ar-017-r\" data-prev-icon=\"icon-ar-017-l\">[vc_single_image image=\u00a0\u00bb2401&Prime; img_size=\u00a0\u00bb600&#215;200&Prime; alignment=\u00a0\u00bbcenter\u00a0\u00bb lazy_loading=\u00a0\u00bbtrue\u00a0\u00bb css=\u00a0\u00bb.vc_custom_1581587071159{margin-right: 20px !important;}\u00a0\u00bb][vc_single_image image=\u00a0\u00bb2403&Prime; img_size=\u00a0\u00bb600&#215;200&Prime; alignment=\u00a0\u00bbcenter\u00a0\u00bb lazy_loading=\u00a0\u00bbtrue\u00a0\u00bb css=\u00a0\u00bb.vc_custom_1581587023760{margin-top: 30px !important;margin-right: 20px !important;}\u00a0\u00bb][vc_single_image image=\u00a0\u00bb2425&Prime; img_size=\u00a0\u00bb700&#215;300&Prime; alignment=\u00a0\u00bbcenter\u00a0\u00bb lazy_loading=\u00a0\u00bbtrue\u00a0\u00bb css=\u00a0\u00bb.vc_custom_1581586834986{margin-top: 30px !important;margin-right: 20px !important;}\u00a0\u00bb][vc_single_image image=\u00a0\u00bb1856&Prime; img_size=\u00a0\u00bb700&#215;300&Prime; alignment=\u00a0\u00bbcenter\u00a0\u00bb lazy_loading=\u00a0\u00bbtrue\u00a0\u00bb css=\u00a0\u00bb.vc_custom_1581586956917{margin-top: 50px !important;margin-right: 20px !important;}\u00a0\u00bb][vc_single_image image=\u00a0\u00bb2402&Prime; img_size=\u00a0\u00bb700&#215;300&Prime; alignment=\u00a0\u00bbcenter\u00a0\u00bb lazy_loading=\u00a0\u00bbtrue\u00a0\u00bb css=\u00a0\u00bb.vc_custom_1581586947226{margin-top: 50px !important;margin-right: 20px !important;}\u00a0\u00bb]<\/div>[\/vc_column][\/vc_row]<\/p>\n","protected":false},"excerpt":{"rendered":"<p>[vc_row][vc_column width=\u00a0\u00bb1\/6&Prime;][\/vc_column][vc_column width=\u00a0\u00bb2\/3&Prime;][vc_column_text] Suite \u00e0 l\u2019Appel \u00e0 Projets lanc\u00e9 le 2 septembre 2019, le FCIAD a enregistr\u00e9 32 dossiers soumis par 20 structures. Apr\u00e8s l\u2019analyse des dossiers, le Comit\u00e9 de Pilotage du FCIAD a retenu les 4 projets suivants par th\u00e9matique :[\/vc_column_text][vc_accordion active_tab=\u00a0\u00bb0&Prime; title_size=\u00a0\u00bbh5&Prime; style=\u00a0\u00bb2&Prime;][vc_accordion_tab title=\u00a0\u00bbTh\u00e9matique 1 : Gestion durable de la fertilit\u00e9 des sols\u00a0\u00bb][vc_column_text]&hellip;<\/p>\n","protected":false},"author":1,"featured_media":0,"parent":0,"menu_order":0,"comment_status":"closed","ping_status":"closed","template":"","meta":[],"_links":{"self":[{"href":"https:\/\/firca.ci\/fciad\/wp-json\/wp\/v2\/pages\/1988"}],"collection":[{"href":"https:\/\/firca.ci\/fciad\/wp-json\/wp\/v2\/pages"}],"about":[{"href":"https:\/\/firca.ci\/fciad\/wp-json\/wp\/v2\/types\/page"}],"author":[{"embeddable":true,"href":"https:\/\/firca.ci\/fciad\/wp-json\/wp\/v2\/users\/1"}],"replies":[{"embeddable":true,"href":"https:\/\/firca.ci\/fciad\/wp-json\/wp\/v2\/comments?post=1988"}],"version-history":[{"count":10,"href":"https:\/\/firca.ci\/fciad\/wp-json\/wp\/v2\/pages\/1988\/revisions"}],"predecessor-version":[{"id":2613,"href":"https:\/\/firca.ci\/fciad\/wp-json\/wp\/v2\/pages\/1988\/revisions\/2613"}],"wp:attachment":[{"href":"https:\/\/firca.ci\/fciad\/wp-json\/wp\/v2\/media?parent=1988"}],"curies":[{"name":"wp","href":"https:\/\/api.w.org\/{rel}","templated":true}]}}