{"id":196,"date":"2019-10-24T11:19:57","date_gmt":"2019-10-24T09:19:57","guid":{"rendered":"https:\/\/firca.ci\/fciad\/?page_id=196"},"modified":"2020-02-13T11:20:29","modified_gmt":"2020-02-13T10:20:29","slug":"resultats-du-troisieme-appel-a-projets-innovants","status":"publish","type":"page","link":"https:\/\/firca.ci\/fciad\/resultats-du-troisieme-appel-a-projets-innovants\/","title":{"rendered":"R\u00e9sultats du troisi\u00e8me Appel \u00e0 Projets Innovants"},"content":{"rendered":"<p>[vc_row][vc_column width=\u00a0\u00bb1\/6&Prime;][\/vc_column][vc_column width=\u00a0\u00bb2\/3&Prime;][vc_column_text]<\/p>\n<p style=\"text-align: justify;\">Suite \u00e0 l\u2019Appel \u00e0 Projets lanc\u00e9 le 23 juillet 2018, le FCIAD a enregistr\u00e9 37 dossiers soumis par 24 structures. Apr\u00e8s l\u2019analyse des dossiers, le Comit\u00e9 de Pilotage du FCIAD a retenu les 9 projets suivants par th\u00e9matique et par ordre alphab\u00e9tique :[\/vc_column_text][vc_accordion active_tab=\u00a0\u00bb0&Prime; title_size=\u00a0\u00bbh5&Prime; style=\u00a0\u00bb2&Prime;][vc_accordion_tab title=\u00a0\u00bbTh\u00e9matique 1 :Gestion durable de la fertilit\u00e9 des sols\u00a0\u00bb][vc_column_text]<\/p>\n<table>\n<tbody>\n<tr>\n<td width=\"236\">Structure<\/td>\n<td width=\"434\">Titre du Projet<\/td>\n<td width=\"434\">Fiche Signalitique du Projet<\/td>\n<\/tr>\n<tr>\n<td width=\"236\">Animation Rurale de Korhogo (<strong>ARK<\/strong>)<\/td>\n<td width=\"434\">Utilisation de la technologie des cordons pierreux pour la conservation des sols dans la culture de coton en C\u00f4te d\u2019Ivoire<\/td>\n<td width=\"454\"><a href=\"https:\/\/firca.ci\/fciad\/download\/Utilisation de la technologie des cordons pierreux pour la conservation des sols dans la culture de coton en C\u00f4te d\u2019Ivoire\/?wpdmdl=2352&amp;masterkey=5a7097e693022\" rel=\"noopener\"><img loading=\"lazy\" class=\"alignnone\" src=\"https:\/\/firca.ci\/fciad\/wp-content\/uploads\/2020\/01\/telecharger.png\" alt=\"\" width=\"135\" height=\"53\" \/><\/a><\/td>\n<\/tr>\n<\/tbody>\n<\/table>\n<p>[\/vc_column_text][\/vc_accordion_tab][vc_accordion_tab title=\u00a0\u00bbTh\u00e9matique 2 : Gestion efficace de l\u2019eau\u00a0\u00bb][vc_column_text]<\/p>\n<table>\n<tbody>\n<tr>\n<td width=\"236\">Structure<\/td>\n<td width=\"434\">Titre du Projet<\/td>\n<td width=\"434\">Fiche Signalitique du Projet<\/td>\n<\/tr>\n<tr>\n<td width=\"236\">Agence Nationale d&rsquo;Appui au D\u00e9veloppement Rural (<strong>ANADER<\/strong>)<\/td>\n<td width=\"434\">Association riziculture-pisciculture par la technique de juxtaposition de l\u2019\u00e9tang piscicole et du casier rizicole : une opportunit\u00e9 pour la production agricole intensive durable dans les bas-fonds am\u00e9nag\u00e9s en C\u00f4te d\u2019Ivoire<\/td>\n<td width=\"454\"><a href=\"https:\/\/firca.ci\/fciad\/download\/Diffusion de l\u2019association riziculture-pisciculture par la technique de juxtaposition de l\u2019\u00e9tang piscicole et du casier rizicole.\/?wpdmdl=2358&amp;masterkey=5a7097e693022\" rel=\"noopener\"><img loading=\"lazy\" class=\"alignnone\" src=\"https:\/\/firca.ci\/fciad\/wp-content\/uploads\/2020\/01\/telecharger.png\" alt=\"\" width=\"135\" height=\"53\" \/><\/a><\/td>\n<\/tr>\n<\/tbody>\n<\/table>\n<p>[\/vc_column_text][\/vc_accordion_tab][vc_accordion_tab title=\u00a0\u00bbTh\u00e9matique 3 : Mise au point d\u2019itin\u00e9raires techniques innovants assurant la protection de l\u2019environnement\u00a0\u00bb][vc_column_text]<\/p>\n<table>\n<tbody>\n<tr>\n<td width=\"236\">Structure<\/td>\n<td width=\"434\">Titre du Projet<\/td>\n<td width=\"434\">Fiche Signalitique du Projet<\/td>\n<\/tr>\n<tr>\n<td width=\"236\">Centre International de Recherche Agronomique pour le D\u00e9veloppement (<strong>CIRAD<\/strong>)<\/td>\n<td width=\"434\">ForestInnov-Plantations Foresti\u00e8res Innovantes : promouvoir les plantations en m\u00e9lange pour s\u00e9curiser la production de bois d\u2019\u0153uvre et d\u2019\u00e9nergie et le maintien de services \u00e9cosyst\u00e9miques<\/td>\n<td width=\"454\"><a href=\"https:\/\/firca.ci\/fciad\/download\/ForestInnov \u2013 Plantations Foresti\u00e8res Innovantes : Promouvoir les plantations en m\u00e9lange pour s\u00e9curiser la production de bois d\u2019\u0153uvre et d\u2019\u00e9nergie et le maintien des services \u00e9cosyst\u00e9miques\/?wpdmdl=2371&amp;masterkey=5a7097e693022\" rel=\"noopener\"><img loading=\"lazy\" class=\"alignnone\" src=\"https:\/\/firca.ci\/fciad\/wp-content\/uploads\/2020\/01\/telecharger.png\" alt=\"\" width=\"135\" height=\"53\" \/><\/a><\/td>\n<\/tr>\n<tr>\n<td width=\"236\">Centre National de Recherche Agronomique (<strong>CNRA<\/strong>)<\/td>\n<td width=\"434\">Diffusion du syst\u00e8me de riziculture intensive SRI, une pratique culturale innovante pour l\u2019am\u00e9lioration de la production du riz en C\u00f4te d\u2019Ivoire<\/td>\n<td width=\"454\"><a href=\"https:\/\/firca.ci\/fciad\/download\/Diffusion du Syst\u00e8me de Riziculture Intensive (SRI), une pratique culturale innovante pour l\u2019am\u00e9lioration de la production du riz en C\u00f4te d\u2019Ivoire\/?wpdmdl=2369&amp;masterkey=5a7097e693022\" rel=\"noopener\"><img loading=\"lazy\" class=\"alignnone\" src=\"https:\/\/firca.ci\/fciad\/wp-content\/uploads\/2020\/01\/telecharger.png\" alt=\"\" width=\"135\" height=\"53\" \/><\/a><\/td>\n<\/tr>\n<tr>\n<td style=\"width: 201.383px;\">Universit\u00e9 Jean Lorougnon Gu\u00e9d\u00e9 (<strong>UJLoG<\/strong>)<\/td>\n<td width=\"434\">Am\u00e9lioration de la qualit\u00e9 de saign\u00e9e en h\u00e9v\u00e9aculture par l\u2019utilisation d\u2019un couteau de saign\u00e9e<br \/>\ninnovant<\/td>\n<td width=\"454\"><a href=\"https:\/\/firca.ci\/fciad\/download\/Am\u00e9lioration de la qualit\u00e9 de saign\u00e9e en h\u00e9v\u00e9aculture par l\u2019utilisation d\u2019un couteau de saign\u00e9e innovant\/?wpdmdl=2484&amp;masterkey=5a7097e693022\" rel=\"noopener\"><img loading=\"lazy\" class=\"alignnone\" src=\"https:\/\/firca.ci\/fciad\/wp-content\/uploads\/2020\/01\/telecharger.png\" alt=\"\" width=\"135\" height=\"53\" \/><\/a><\/td>\n<\/tr>\n<tr>\n<td style=\"width: 201.383px;\">Universit\u00e9 Nangui Abrogoua (<strong>UNA<\/strong>)<\/td>\n<td width=\"434\">Valorisation de plantes fourrag\u00e8res locales dans l\u2019aliment granul\u00e9 du lapin pour am\u00e9liorer la productivit\u00e9 des \u00e9levages en C\u00f4te d\u2019Ivoire<\/td>\n<td width=\"454\"><a href=\"https:\/\/firca.ci\/fciad\/download\/Valorisation de plantes fourrag\u00e8res locales dans l\u2019aliment granul\u00e9 du lapin pour am\u00e9liorer la productivit\u00e9 des \u00e9levages en C\u00f4te d\u2019Ivoire\/?wpdmdl=2362&amp;masterkey=5a7097e693022\" rel=\"noopener\"><img loading=\"lazy\" class=\"alignnone\" src=\"https:\/\/firca.ci\/fciad\/wp-content\/uploads\/2020\/01\/telecharger.png\" alt=\"\" width=\"135\" height=\"53\" \/><\/a><\/td>\n<\/tr>\n<\/tbody>\n<\/table>\n<p>[\/vc_column_text][\/vc_accordion_tab][vc_accordion_tab title=\u00a0\u00bbTh\u00e9matique 4 :Lutte contre les maladies \u00e0 parasites ou \u00e0 virus et les insectes nuisibles qui affectent l\u2019agriculture ivoirienne\u00a0\u00bb][vc_column_text]<\/p>\n<table>\n<tbody>\n<tr>\n<td width=\"236\">Structure<\/td>\n<td width=\"434\">Titre du Projet<\/td>\n<td width=\"434\">Fiche Signalitique du Projet<\/td>\n<\/tr>\n<tr>\n<td width=\"236\">Universit\u00e9 F\u00e9lix Houphou\u00ebt-Boigny (<strong>UFHB<\/strong>)<\/td>\n<td width=\"434\">Diffusion de formulations bio-pesticides pour le contr\u00f4le des parasites foliaires en culture de bananiers en vue d\u2019am\u00e9liorer les rendements des producteurs<\/td>\n<td width=\"454\"><a href=\"https:\/\/firca.ci\/fciad\/download\/Diffusion de formulations bio-pesticides pour le contr\u00f4le des parasites foliaires en cultures de bananiers\/?wpdmdl=2376&amp;masterkey=5a7097e693022\" rel=\"noopener\"><img loading=\"lazy\" class=\"alignnone\" src=\"https:\/\/firca.ci\/fciad\/wp-content\/uploads\/2020\/01\/telecharger.png\" alt=\"\" width=\"135\" height=\"53\" \/><\/a><\/td>\n<\/tr>\n<tr>\n<td width=\"236\">Universit\u00e9 F\u00e9lix Houphou\u00ebt-Boigny (<strong>UFHB<\/strong>)<\/td>\n<td width=\"434\">Production durable et innovante de mangues en C\u00f4te d\u2019Ivoire par le contr\u00f4le des parasites et l\u2019optimisation de la productivit\u00e9<\/td>\n<td width=\"454\"><a href=\"https:\/\/firca.ci\/fciad\/download\/Production durable et innovante de mangues en C\u00f4te d\u2019Ivoire par le contr\u00f4le des parasites\/?wpdmdl=2375&amp;masterkey=5a7097e693022\" rel=\"noopener\"><img loading=\"lazy\" class=\"alignnone\" src=\"https:\/\/firca.ci\/fciad\/wp-content\/uploads\/2020\/01\/telecharger.png\" alt=\"\" width=\"135\" height=\"53\" \/><\/a><\/td>\n<\/tr>\n<\/tbody>\n<\/table>\n<p>[\/vc_column_text][\/vc_accordion_tab][vc_accordion_tab title=\u00a0\u00bbTh\u00e9matique 5 : Am\u00e9lioration de la qualit\u00e9 des produits et bonne gestion des intrants\u00a0\u00bb][vc_column_text]<\/p>\n<table>\n<tbody>\n<tr>\n<td width=\"236\">Structure<\/td>\n<td width=\"434\">Titre du Projet<\/td>\n<td width=\"434\">Fiche Signalitique du Projet<\/td>\n<\/tr>\n<tr>\n<td width=\"236\">Association Ivoirienne Des Sciences Agronomiques (<strong>AISA<\/strong>)<\/td>\n<td width=\"434\">Diffusion de technologies de production \u00e0 moindre co\u00fbt, de transformation et de commercialisation du silure <em>clarias gariepinus<\/em> dans la fili\u00e8re piscicole en C\u00f4te d\u2019Ivoire<\/td>\n<td width=\"454\"><a href=\"https:\/\/firca.ci\/fciad\/download\/Diffusion de technologies de production \u00e0 moindre co\u00fbt et d\u2019am\u00e9lioration de la qualit\u00e9 du silure Clarias gariepinus dans la fili\u00e8re piscicole en C\u00f4te d\u2019Ivoire\/?wpdmdl=2392&amp;masterkey=5a7097e693022\" rel=\"noopener\"><img loading=\"lazy\" class=\"alignnone\" src=\"https:\/\/firca.ci\/fciad\/wp-content\/uploads\/2020\/01\/telecharger.png\" alt=\"\" width=\"135\" height=\"53\" \/><\/a><\/td>\n<\/tr>\n<\/tbody>\n<\/table>\n<p>[\/vc_column_text][\/vc_accordion_tab][\/vc_accordion][vc_empty_space height=\u00a0\u00bb16px\u00a0\u00bb][vc_column_text]Pour toutes informations compl\u00e9mentaires, veuillez contacter la Cellule de Coordination du FCIAD \u00e0 l\u2019adresse suivante :<\/p>\n<p><strong>FONDS INTERPROFESSIONNEL POUR LA RECHERCHE <\/strong><strong>ET LE CONSEIL AGRICOLES (FIRCA)<br \/>\n<\/strong>01 BP 3726 Abidjan 01<br \/>\nSis, II Plateaux, 7<sup>\u00e8me<\/sup> Tranche<br \/>\nTel : 22 52 81 85 \/ Fax : 22 52 81 87<br \/>\nSite web : <a href=\"http:\/\/www.firca.ci\">www.firca.ci<\/a>\/fciad<br \/>\nEmail : <a href=\"mailto:fciad@firca.ci\">fciad@firca.ci<\/a> <a href=\"mailto:\/%20hbrouzro@firca.ci\">\/ hbrouzro@firca.ci<\/a>[\/vc_column_text][\/vc_column][vc_column width=\u00a0\u00bb1\/6&Prime;][\/vc_column][\/vc_row]<\/p>\n<p>[vc_row css=\u00a0\u00bb.vc_custom_1581050700998{margin-bottom: -70px !important;padding-top: 40px !important;padding-bottom: 40px !important;}\u00a0\u00bb][vc_column]<style type=\"text\/css\" data-type=\"the7_shortcodes-inline-css\">.carousel-shortcode.carousel-shortcode-id-193add502047c4d0f08e790f273e84ea .owl-nav a {\n  width: 36px;\n  height: 36px;\n  border-radius: 500px;\n}\n.dt-arrow-border-on.carousel-shortcode.carousel-shortcode-id-193add502047c4d0f08e790f273e84ea .owl-nav a:not(:hover):before {\n  border-width: 0px;\n}\n.dt-arrow-hover-border-on.carousel-shortcode.carousel-shortcode-id-193add502047c4d0f08e790f273e84ea .owl-nav a:hover:after {\n  border-width: 0px;\n}\n.carousel-shortcode.carousel-shortcode-id-193add502047c4d0f08e790f273e84ea .owl-nav a.owl-prev {\n  top: 50%;\n  transform: translateY(calc(-50% + 0px));\n  left: -43px;\n}\n@media all and (-ms-high-contrast: none) {\n  .carousel-shortcode.carousel-shortcode-id-193add502047c4d0f08e790f273e84ea .owl-nav a.owl-prev {\n    transform: translateY(-50%);\n    margin-top: 0px;\n  }\n}\n.carousel-shortcode.carousel-shortcode-id-193add502047c4d0f08e790f273e84ea .owl-nav a.owl-prev i {\n  padding: 0px 0px 0px 0px;\n}\n.carousel-shortcode.carousel-shortcode-id-193add502047c4d0f08e790f273e84ea .owl-nav a.owl-next {\n  top: 50%;\n  transform: translateY(calc(-50% + 0px));\n  right: -43px;\n}\n@media all and (-ms-high-contrast: none) {\n  .carousel-shortcode.carousel-shortcode-id-193add502047c4d0f08e790f273e84ea .owl-nav a.owl-next {\n    transform: translateY(-50%);\n    margin-top: 0px;\n  }\n}\n.carousel-shortcode.carousel-shortcode-id-193add502047c4d0f08e790f273e84ea .owl-nav a.owl-next i {\n  padding: 0px 0px 0px 0px;\n}\n.carousel-shortcode.carousel-shortcode-id-193add502047c4d0f08e790f273e84ea .owl-nav i {\n  font-size: 18px;\n}\n.carousel-shortcode.carousel-shortcode-id-193add502047c4d0f08e790f273e84ea .owl-nav a:not(:hover) i,\n.carousel-shortcode.carousel-shortcode-id-193add502047c4d0f08e790f273e84ea .owl-nav a:not(:hover) i:before {\n  color: #ffffff;\n  background: none;\n}\n.carousel-shortcode.carousel-shortcode-id-193add502047c4d0f08e790f273e84ea .owl-nav a:hover i,\n.carousel-shortcode.carousel-shortcode-id-193add502047c4d0f08e790f273e84ea .owl-nav a:hover i:before {\n  color: rgba(255,255,255,0.75);\n  background: none;\n}\n.carousel-shortcode.carousel-shortcode-id-193add502047c4d0f08e790f273e84ea .owl-dots {\n  top: calc(100% + 20px);\n  left: 50%;\n  transform: translateX(calc(-50% + 0px));\n}\n@media all and (-ms-high-contrast: none) {\n  .carousel-shortcode.carousel-shortcode-id-193add502047c4d0f08e790f273e84ea .owl-dots {\n    transform: translateX(-50%);\n    margin-left: 0px;\n  }\n}\n.carousel-shortcode.carousel-shortcode-id-193add502047c4d0f08e790f273e84ea .owl-dot {\n  width: 10px;\n  height: 10px;\n  margin: 0 8px;\n}\n@media screen and (max-width: 778px) {\n  .carousel-shortcode.carousel-shortcode-id-193add502047c4d0f08e790f273e84ea.hide-arrows .owl-nav a {\n    display: none;\n  }\n}\n@media screen and (max-width: 778px) {\n  .carousel-shortcode.carousel-shortcode-id-193add502047c4d0f08e790f273e84ea.reposition-arrows .owl-nav .owl-prev {\n    top: 50%;\n    transform: translateY(calc(-50% + 0px));\n    left: 10px;\n  }\n  .carousel-shortcode.carousel-shortcode-id-193add502047c4d0f08e790f273e84ea.reposition-arrows .owl-nav .owl-next {\n    top: 50%;\n    transform: translateY(calc(-50% + 0px));\n    right: 10px;\n  }\n}\n@media screen and (max-width: 778px) and all and (-ms-high-contrast: none) {\n  .carousel-shortcode.carousel-shortcode-id-193add502047c4d0f08e790f273e84ea.reposition-arrows .owl-nav .owl-prev {\n    transform: translateY(-50%);\n    margin-top: 0px;\n  }\n}\n@media screen and (max-width: 778px) and all and (-ms-high-contrast: none) {\n  .carousel-shortcode.carousel-shortcode-id-193add502047c4d0f08e790f273e84ea.reposition-arrows .owl-nav .owl-next {\n    transform: translateY(-50%);\n    margin-top: 0px;\n  }\n}\n<\/style><div class=\"owl-carousel carousel-shortcode dt-owl-carousel-call carousel-shortcode-id-193add502047c4d0f08e790f273e84ea bullets-small-dot-stroke reposition-arrows arrows-bg-on dt-arrow-border-on dt-arrow-hover-border-on disable-arrows-hover-bg arrows-hover-bg-on  \" data-scroll-mode=\"1\" data-col-num=\"3\" data-wide-col-num=\"4\" data-laptop-col=\"3\" data-h-tablet-columns-num=\"3\" data-v-tablet-columns-num=\"2\" data-phone-columns-num=\"1\" data-auto-height=\"true\" data-col-gap=\"30\" data-stage-padding=\"0\" data-speed=\"600\" data-autoplay=\"false\" data-autoplay_speed=\"6000\" data-arrows=\"true\" data-bullet=\"false\" data-next-icon=\"icon-ar-017-r\" data-prev-icon=\"icon-ar-017-l\">[vc_single_image image=\u00a0\u00bb2401&Prime; img_size=\u00a0\u00bb600&#215;200&Prime; alignment=\u00a0\u00bbcenter\u00a0\u00bb lazy_loading=\u00a0\u00bbtrue\u00a0\u00bb css=\u00a0\u00bb.vc_custom_1581587071159{margin-right: 20px !important;}\u00a0\u00bb][vc_single_image image=\u00a0\u00bb2403&Prime; img_size=\u00a0\u00bb600&#215;200&Prime; alignment=\u00a0\u00bbcenter\u00a0\u00bb lazy_loading=\u00a0\u00bbtrue\u00a0\u00bb css=\u00a0\u00bb.vc_custom_1581587023760{margin-top: 30px !important;margin-right: 20px !important;}\u00a0\u00bb][vc_single_image image=\u00a0\u00bb2425&Prime; img_size=\u00a0\u00bb700&#215;300&Prime; alignment=\u00a0\u00bbcenter\u00a0\u00bb lazy_loading=\u00a0\u00bbtrue\u00a0\u00bb css=\u00a0\u00bb.vc_custom_1581586834986{margin-top: 30px !important;margin-right: 20px !important;}\u00a0\u00bb][vc_single_image image=\u00a0\u00bb1856&Prime; img_size=\u00a0\u00bb700&#215;300&Prime; alignment=\u00a0\u00bbcenter\u00a0\u00bb lazy_loading=\u00a0\u00bbtrue\u00a0\u00bb css=\u00a0\u00bb.vc_custom_1581586956917{margin-top: 50px !important;margin-right: 20px !important;}\u00a0\u00bb][vc_single_image image=\u00a0\u00bb2402&Prime; img_size=\u00a0\u00bb700&#215;300&Prime; alignment=\u00a0\u00bbcenter\u00a0\u00bb lazy_loading=\u00a0\u00bbtrue\u00a0\u00bb css=\u00a0\u00bb.vc_custom_1581586947226{margin-top: 50px !important;margin-right: 20px !important;}\u00a0\u00bb]<\/div>[\/vc_column][\/vc_row]<\/p>\n","protected":false},"excerpt":{"rendered":"<p>[vc_row][vc_column width=\u00a0\u00bb1\/6&Prime;][\/vc_column][vc_column width=\u00a0\u00bb2\/3&Prime;][vc_column_text] Suite \u00e0 l\u2019Appel \u00e0 Projets lanc\u00e9 le 23 juillet 2018, le FCIAD a enregistr\u00e9 37 dossiers soumis par 24 structures. Apr\u00e8s l\u2019analyse des dossiers, le Comit\u00e9 de Pilotage du FCIAD a retenu les 9 projets suivants par th\u00e9matique et par ordre alphab\u00e9tique :[\/vc_column_text][vc_accordion active_tab=\u00a0\u00bb0&Prime; title_size=\u00a0\u00bbh5&Prime; style=\u00a0\u00bb2&Prime;][vc_accordion_tab title=\u00a0\u00bbTh\u00e9matique 1 :Gestion durable de la&hellip;<\/p>\n","protected":false},"author":1,"featured_media":0,"parent":0,"menu_order":0,"comment_status":"closed","ping_status":"closed","template":"","meta":[],"_links":{"self":[{"href":"https:\/\/firca.ci\/fciad\/wp-json\/wp\/v2\/pages\/196"}],"collection":[{"href":"https:\/\/firca.ci\/fciad\/wp-json\/wp\/v2\/pages"}],"about":[{"href":"https:\/\/firca.ci\/fciad\/wp-json\/wp\/v2\/types\/page"}],"author":[{"embeddable":true,"href":"https:\/\/firca.ci\/fciad\/wp-json\/wp\/v2\/users\/1"}],"replies":[{"embeddable":true,"href":"https:\/\/firca.ci\/fciad\/wp-json\/wp\/v2\/comments?post=196"}],"version-history":[{"count":42,"href":"https:\/\/firca.ci\/fciad\/wp-json\/wp\/v2\/pages\/196\/revisions"}],"predecessor-version":[{"id":2173,"href":"https:\/\/firca.ci\/fciad\/wp-json\/wp\/v2\/pages\/196\/revisions\/2173"}],"wp:attachment":[{"href":"https:\/\/firca.ci\/fciad\/wp-json\/wp\/v2\/media?parent=196"}],"curies":[{"name":"wp","href":"https:\/\/api.w.org\/{rel}","templated":true}]}}