{"id":1847,"date":"2019-12-11T13:29:17","date_gmt":"2019-12-11T12:29:17","guid":{"rendered":"https:\/\/firca.ci\/fciad\/?page_id=1847"},"modified":"2020-06-29T01:59:47","modified_gmt":"2020-06-28T23:59:47","slug":"presentation","status":"publish","type":"page","link":"https:\/\/firca.ci\/fciad\/presentation\/","title":{"rendered":"Pr\u00e9sentation"},"content":{"rendered":"<p>[vc_row][vc_column width=\u00a0\u00bb1\/6&Prime;][\/vc_column][vc_column width=\u00a0\u00bb2\/3&Prime;][vc_column_text]<\/p>\n<p style=\"text-align: justify;\">Le projet <strong>\u00ab Fonds Comp\u00e9titif pour l\u2019Innovation Agricole Durable \u00bb (FCIAD)<\/strong>, s\u2019inscrit dans l\u2019ambitieux Programme d\u2019Investissement Agricole (PNIA), initi\u00e9 par l\u2019Etat de C\u00f4te d\u2019Ivoire dans le but de faire face aux enjeux futurs en mati\u00e8re d\u2019autosuffisance alimentaire, eu \u00e9gard \u00e0 la croissance d\u00e9mographique de plus en plus \u00e9lev\u00e9e que connait le pays.<\/p>\n<p style=\"text-align: justify;\">A cet effet, la C\u00f4te d\u2019Ivoire et l\u2019Agence Fran\u00e7aise de D\u00e9veloppement (AFD) ont sign\u00e9 le 28 avril 2016, la convention AFD N\u00b0 CCI 1434 01 d\u2019affectation du Programme Fili\u00e8res Agricoles Durables de C\u00f4te d\u2019Ivoire (FADCI).<\/p>\n<p style=\"text-align: justify;\">Cette convention intervient dans le cadre de la deuxi\u00e8me phase du Contrat de D\u00e9sendettement et de D\u00e9veloppement (C2D).<\/p>\n<p style=\"text-align: justify;\">D\u2019une dur\u00e9e de trois (3) ans et d\u2019un montant de 5 milliards de FCFA, ce projet sera ex\u00e9cut\u00e9 par le Fonds Interprofessionnel pour la Recherche et le Conseil Agricoles (FIRCA). Il devrait, \u00e0 travers le financement de projets de recherche appliqu\u00e9e porteurs d\u2019innovations, contribuer \u00e0 la durabilit\u00e9 des syst\u00e8mes de productions agricoles, animales, halieutiques et foresti\u00e8res en C\u00f4te d\u2019Ivoire.<\/p>\n<p>[\/vc_column_text][vc_accordion active_tab=\u00a0\u00bb1&Prime; title_size=\u00a0\u00bbh5&Prime; style=\u00a0\u00bb2&Prime;][vc_accordion_tab title=\u00a0\u00bbObjectifs globaux (quels sont les objectifs globaux du fonds ?) :\u00a0\u00bb][vc_column_text]<\/p>\n<ul style=\"text-align: justify;\">\n<li>Contribuer \u00e0 l\u2019am\u00e9lioration de la production agricole, animale, halieutique et foresti\u00e8re<\/li>\n<li>Stimuler, faciliter et renforcer l\u2019utilisation des innovations permettant d\u2019am\u00e9liorer et de renforcer ces productions.<\/li>\n<\/ul>\n<p>[\/vc_column_text][\/vc_accordion_tab][vc_accordion_tab title=\u00a0\u00bbObjectifs sp\u00e9cifiques (quels sont les objectifs sp\u00e9cifiques du fonds ?) :\u00a0\u00bb][vc_column_text]<\/p>\n<p style=\"text-align: justify;\">Il s\u2019agit de financer, sur Appel \u00e0 Propositions, des projets de recherche appliqu\u00e9e porteurs d\u2019innovations dont la finalit\u00e9 est de :<\/p>\n<ul style=\"text-align: justify;\">\n<li>Acc\u00e9l\u00e9rer l\u2019\u00e9volution des techniques et les transferts de technologies<\/li>\n<li>Impliquer et stimuler les recherches et les innovations de tous les acteurs<\/li>\n<li>Se donner les moyens de capter les travaux et les id\u00e9es \u00ab non conventionnelles \u00bb<\/li>\n<li>Renforcer la dynamique de d\u00e9veloppement et l\u2019utilisation de nouvelles techniques et solutions<\/li>\n<li>D\u00e9velopper et renforcer les partenariats entre les acteurs des secteurs de la production et de la transformation et les structures de recherche et de d\u00e9veloppement.<\/li>\n<\/ul>\n<p>[\/vc_column_text][\/vc_accordion_tab][vc_accordion_tab title=\u00a0\u00bbB\u00e9n\u00e9ficiaires (\u00e0 qui s\u2019adresse le fonds ?) :\u00a0\u00bb][vc_column_text]Toutes structures ou porteurs d\u2019innovations \u0153uvrant dans le domaine, agricole, animale, halieutique et foresti\u00e8res.[\/vc_column_text][\/vc_accordion_tab][vc_accordion_tab title=\u00a0\u00bbLes composantes du projet (quelles sont les composantes du fonds ?) :\u00a0\u00bb][vc_column_text]<\/p>\n<p style=\"text-align: justify;\">Le projet se d\u00e9cline en trois (3) grandes composantes<\/p>\n<p style=\"text-align: justify;\"><strong>Composante 1 : Financement des projets de recherche-d\u00e9veloppement innovants<\/strong><\/p>\n<p style=\"text-align: justify;\">Il s\u2019agit de financer par Appel \u00e0 Projets, des propositions de recherche-d\u00e9veloppement pr\u00e9sent\u00e9s conjointement par un ou plusieurs acteur (s) de la recherche et un ou plusieurs acteur (s) de la production ou de la transformation des produits agricoles, animales, halieutiques et foresti\u00e8res.<\/p>\n<p style=\"text-align: justify;\"><strong>Composante 2 : Journ\u00e9es de l\u2019Innovation Agricole Durable (J\u2019INNOV)<\/strong><\/p>\n<p style=\"text-align: justify;\">C\u2019est une rencontre annuelle de partage des activit\u00e9s et r\u00e9sultats du FCIAD, ouverte \u00e0 l\u2019ensemble des parties prenantes (porteurs d\u2019innovations, b\u00e9n\u00e9ficiaires, investisseurs, institutions nationales et internationales).<\/p>\n<p style=\"text-align: justify;\"><strong>Composante 3 : Concours de l\u2019Innovation Agricole Durable (CIAD)<\/strong><\/p>\n<p style=\"text-align: justify;\">Organis\u00e9 annuellement, ce Concours vise \u00e0 r\u00e9compenser les meilleures innovations produites ou imagin\u00e9es et cr\u00e9er une dynamique de communication autour de l\u2019innovation en agriculture et de promouvoir les inventeurs.<\/p>\n<p>[\/vc_column_text][\/vc_accordion_tab][vc_accordion_tab title=\u00a0\u00bbCibles et th\u00e9matiques du fonds (quelles sont les cibles et les th\u00e9matiques du fonds ?) :\u00a0\u00bb][vc_column_text]<\/p>\n<p style=\"text-align: justify;\">Peut faire l\u2019objet de financement, une innovation durable avec une capacit\u00e9 de transfert imm\u00e9diat de cette innovation vers le monde de la production et\/ou de la valorisation selon des th\u00e9matiques suivantes :<\/p>\n<ol style=\"text-align: justify;\">\n<li>La gestion durable de la fertilit\u00e9 des sols<\/li>\n<li>La gestion efficace de l\u2019eau<\/li>\n<li>La mise au point d\u2019itin\u00e9raires techniques innovants assurant la protection de l\u2019environnement<\/li>\n<li>La lutte contre les maladies \u00e0 parasites ou \u00e0 virus et les insectes nuisibles qui affectent l\u2019agriculture ivoirienne<\/li>\n<li>L\u2019am\u00e9lioration de la qualit\u00e9 des produits et la bonne gestion des intrants.<\/li>\n<\/ol>\n<p>[\/vc_column_text][\/vc_accordion_tab][vc_accordion_tab title=\u00a0\u00bbConditions d\u2019\u00e9ligibilit\u00e9 au fonds (qui peut postuler au fonds ?) :\u00a0\u00bb][vc_column_text]<\/p>\n<ol style=\"text-align: justify;\">\n<li><strong>Crit\u00e8res pour le financement des Projets innovants<\/strong><\/li>\n<\/ol>\n<p style=\"text-align: justify;\"><strong>Qui peut \u00eatre candidat ?<\/strong><\/p>\n<p style=\"text-align: justify;\">Toute structure porteuse d\u2019innovation (centre de recherche, institutions de d\u00e9veloppement, laboratoires publics et priv\u00e9s, inventeurs, universit\u00e9s et grandes \u00e9coles, etc.) et ayant obtenu la caution d\u2019un acteur des fili\u00e8res :<\/p>\n<ul style=\"list-style-type: disc; text-align: justify;\">\n<li>Structures avec un fonctionnement r\u00e9gulier<\/li>\n<li>Lorsqu\u2019il y a plusieurs porteurs de l\u2019innovation, ils doivent d\u00e9signer une structure chef de file du partenariat avec reconnaissance de cette responsabilit\u00e9 par l\u2019autre (les autres) partenaire(s), formalis\u00e9 par un protocole d\u2019accord dont le mod\u00e8le est disponible dans le dossier d\u2019Appel \u00e0 Projets.<\/li>\n<\/ul>\n<p style=\"text-align: justify;\"><strong>Quels sont les crit\u00e8res de s\u00e9lection ?<\/strong><\/p>\n<p style=\"text-align: justify;\">Pour \u00eatre \u00e9ligibles, les dossiers de projet soumis \u00e0 financement, devront au moins respecter les crit\u00e8res suivants :<\/p>\n<ul style=\"text-align: justify;\">\n<li>Dossier d\u00e9pos\u00e9 complet<\/li>\n<li>R\u00e9ponse \u00e0 une probl\u00e9matique agricole<\/li>\n<li>Respect des th\u00e9matiques et des Appels \u00e0 projets<\/li>\n<li>Respect du cadre de financement.<\/li>\n<\/ul>\n<p style=\"text-align: justify;\"><strong>Quels sont les crit\u00e8res de conformit\u00e9 ?<\/strong><\/p>\n<ul style=\"text-align: justify;\">\n<li>Information pr\u00e9alable de la fili\u00e8re ou des b\u00e9n\u00e9ficiaires<\/li>\n<li>Caract\u00e8re innovant du projet<\/li>\n<li>Qualit\u00e9 du projet<\/li>\n<li>Comp\u00e9tence des partenaires<\/li>\n<li>Qualit\u00e9 de l\u2019\u00e9quipe<\/li>\n<li>Utilit\u00e9 du projet pour les acteurs<\/li>\n<li>Transf\u00e9rabilit\u00e9 du r\u00e9sultat (ais\u00e9ment utilisable)<\/li>\n<li>Impacts environnemental et social positifs.<\/li>\n<\/ul>\n<p style=\"text-align: justify;\"><strong> 2. Crit\u00e8res pour le Concours \u00e0 l\u2019Innovation<\/strong><\/p>\n<p style=\"text-align: justify;\">Le concours est ouvert par Appel \u00e0 Candidatures pour les cibles suivantes :<\/p>\n<ul style=\"list-style-type: disc; text-align: justify;\">\n<li>Les entreprises agricoles et prestataires de service li\u00e9s \u00e0 l\u2019agriculture<\/li>\n<li>Les \u00e9tablissements Universitaires, Centres, Laboratoires ou Unit\u00e9s de recherche<\/li>\n<li>Les jeunes entrepreneurs<\/li>\n<li>Les innovateurs ind\u00e9pendants.<\/li>\n<\/ul>\n<p>[\/vc_column_text][\/vc_accordion_tab][\/vc_accordion][vc_empty_space][\/vc_column][vc_column width=\u00a0\u00bb1\/6&Prime;][\/vc_column][\/vc_row]<\/p>\n","protected":false},"excerpt":{"rendered":"<p>[vc_row][vc_column width=\u00a0\u00bb1\/6&Prime;][\/vc_column][vc_column width=\u00a0\u00bb2\/3&Prime;][vc_column_text] Le projet \u00ab Fonds Comp\u00e9titif pour l\u2019Innovation Agricole Durable \u00bb (FCIAD), s\u2019inscrit dans l\u2019ambitieux Programme d\u2019Investissement Agricole (PNIA), initi\u00e9 par l\u2019Etat de C\u00f4te d\u2019Ivoire dans le but de faire face aux enjeux futurs en mati\u00e8re d\u2019autosuffisance alimentaire, eu \u00e9gard \u00e0 la croissance d\u00e9mographique de plus en plus \u00e9lev\u00e9e que connait le pays.&hellip;<\/p>\n","protected":false},"author":1,"featured_media":0,"parent":0,"menu_order":0,"comment_status":"closed","ping_status":"closed","template":"","meta":[],"_links":{"self":[{"href":"https:\/\/firca.ci\/fciad\/wp-json\/wp\/v2\/pages\/1847"}],"collection":[{"href":"https:\/\/firca.ci\/fciad\/wp-json\/wp\/v2\/pages"}],"about":[{"href":"https:\/\/firca.ci\/fciad\/wp-json\/wp\/v2\/types\/page"}],"author":[{"embeddable":true,"href":"https:\/\/firca.ci\/fciad\/wp-json\/wp\/v2\/users\/1"}],"replies":[{"embeddable":true,"href":"https:\/\/firca.ci\/fciad\/wp-json\/wp\/v2\/comments?post=1847"}],"version-history":[{"count":28,"href":"https:\/\/firca.ci\/fciad\/wp-json\/wp\/v2\/pages\/1847\/revisions"}],"predecessor-version":[{"id":2616,"href":"https:\/\/firca.ci\/fciad\/wp-json\/wp\/v2\/pages\/1847\/revisions\/2616"}],"wp:attachment":[{"href":"https:\/\/firca.ci\/fciad\/wp-json\/wp\/v2\/media?parent=1847"}],"curies":[{"name":"wp","href":"https:\/\/api.w.org\/{rel}","templated":true}]}}