{"id":10,"date":"2019-10-21T18:06:58","date_gmt":"2019-10-21T16:06:58","guid":{"rendered":"https:\/\/firca.ci\/fciad\/?page_id=10"},"modified":"2020-06-29T02:01:06","modified_gmt":"2020-06-29T00:01:06","slug":"publications","status":"publish","type":"page","link":"https:\/\/firca.ci\/fciad\/publications\/","title":{"rendered":"Publications"},"content":{"rendered":"<p>[vc_row][vc_column width=\u00a0\u00bb1\/6&Prime;][\/vc_column][vc_column width=\u00a0\u00bb2\/3&Prime;][vc_column_text]<\/p>\n    <script src=\"https:\/\/firca.ci\/fciad\/wp-content\/plugins\/download-manager\/assets\/js\/jquery.dataTables.min.js\"><\/script>\n    <script src=\"https:\/\/firca.ci\/fciad\/wp-content\/plugins\/download-manager\/assets\/js\/dataTables.bootstrap4.min.js\"><\/script>\n    <link href=\"https:\/\/firca.ci\/fciad\/wp-content\/plugins\/download-manager\/assets\/css\/jquery.dataTables.min.css\" rel=\"stylesheet\" \/>\n\n    <script>\n        jQuery(function($){\n            var __dt = $('#wpdmmydls-41e8ece78e0c30929c0878ac589414db').dataTable({\n                responsive: true,\n                \"order\": [[ 2, \"desc\" ]],\n                \"language\": {\n                    \"lengthMenu\": \"Afficher _MENU_ t\u00e9l\u00e9chargements par page\",\n                    \"zeroRecords\": \"Aucun paquet trouv\u00e9\",\n                    \"info\": \"Affichage des t\u00e9l\u00e9chargements _START_ \u00e0 _END_ sur _TOTAL_ t\u00e9l\u00e9chargements\",\n                    \"infoEmpty\": \"Aucun t\u00e9l\u00e9chargement disponible\",\n                    \"infoFiltered\": \"(filtr\u00e9s sur un total de _MAX_ t\u00e9l\u00e9chargements)\",\n                    \"emptyTable\":     \"Aucune donn\u00e9e disponible\",\n                    \"infoPostFix\":    \"\",\n                    \"thousands\":      \",\",\n                    \"loadingRecords\": \"Chargement en cours\u2026\",\n                    \"processing\":     \"En cours de traitement\u2026\",\n                    \"search\":         \"Rechercher\u00a0:\",\n                    \"paginate\": {\n                        \"first\":      \"Premier\",\n                        \"last\":       \"Dernier\",\n                        \"next\":       \"Suivant\",\n                        \"previous\":   \"Pr\u00e9c\u00e9dent\"\n                    },\n                    \"aria\": {\n                        \"sortAscending\":  \" : activer pour trier la colonne par ordre croissant\",\n                        \"sortDescending\": \": activer pour trier la colonne par ordre d\u00e9croissant\"\n                    }\n                },\n                \"iDisplayLength\": 20,\n                \"aLengthMenu\": [[20, 10, 25, 50, -1], [20, 10, 25, 50, \"Tout\"]]\n            });\n\n        });\n    <\/script>\n<style>\n    table,td,th{\n        border: 0;\n    }\n    #wpdm-all-packages .card{\n        overflow: hidden;\n    }\n    #wpdmmydls-41e8ece78e0c30929c0878ac589414db{\n        border-bottom: 1px solid #dddddd;\n        border-top: 1px solid #dddddd;\n        font-size: 10pt;\n        min-width: 100%;\n    }\n    #wpdmmydls-41e8ece78e0c30929c0878ac589414db .wpdm-download-link img{\n        box-shadow: none !important;\n        max-width: 100%;\n    }\n    .w3eden .pagination{\n        margin: 0 !important;\n    }\n    #wpdmmydls-41e8ece78e0c30929c0878ac589414db td:not(:first-child){\n        vertical-align: middle !important;\n    }\n    #wpdmmydls-41e8ece78e0c30929c0878ac589414db td.__dt_col_download_link .btn{\n        display: block;\n        width: 100%;\n    }\n    #wpdmmydls-41e8ece78e0c30929c0878ac589414db td.__dt_col_download_link,\n    #wpdmmydls-41e8ece78e0c30929c0878ac589414db th#download_link{\n        max-width: 155px !important;\n        width: 155px;\n\n    }\n    #wpdmmydls-41e8ece78e0c30929c0878ac589414db th{\n        background-color: rgba(0,0,0,0.04);\n        border-bottom: 1px solid rgba(0,0,0,0.025);\n    }\n    #wpdmmydls-41e8ece78e0c30929c0878ac589414db_length label,\n    #wpdmmydls-41e8ece78e0c30929c0878ac589414db_filter label{\n        font-weight: 400;\n    }\n    #wpdmmydls-41e8ece78e0c30929c0878ac589414db_filter input[type=search]{\n        display: inline-block;\n        width: 200px;\n    }\n    #wpdmmydls-41e8ece78e0c30929c0878ac589414db_length select{\n        display: inline-block;\n        width: 60px;\n    }\n\n    #wpdmmydls-41e8ece78e0c30929c0878ac589414db .package-title{\n        color:#36597C;\n        font-size: 11pt;\n        font-weight: 700;\n    }\n    #wpdmmydls-41e8ece78e0c30929c0878ac589414db .small-txt{\n        margin-right: 7px;\n    }\n    #wpdmmydls-41e8ece78e0c30929c0878ac589414db td{\n        min-width: 150px;\n    }\n\n    #wpdmmydls-41e8ece78e0c30929c0878ac589414db td.__dt_col_categories{\n        max-width: 300px;\n    }\n\n    #wpdmmydls-41e8ece78e0c30929c0878ac589414db .small-txt,\n    #wpdmmydls-41e8ece78e0c30929c0878ac589414db small{\n        font-size: 9pt;\n    }\n    .w3eden .table-striped tbody tr:nth-of-type(2n+1) {\n        background-color: rgba(0,0,0,0.015);\n    }\n    .dataTables_wrapper .dataTables_paginate .paginate_button:active,\n    .dataTables_wrapper .dataTables_paginate .paginate_button:focus,\n    .dataTables_wrapper .dataTables_paginate .paginate_button:hover,\n    .dataTables_wrapper .dataTables_paginate .paginate_button{\n        margin: 0 !important;\n        padding: 0 !important;\n        border: 0 !important;\n        background: transparent !important;\n    }\n\n\n    @media (max-width: 799px) {\n        #wpdmmydls-41e8ece78e0c30929c0878ac589414db tr {\n            display: block;\n            border: 3px solid rgba(0,0,0,0.3) !important;\n            margin-bottom: 10px !important;\n            position: relative;\n        }\n        #wpdmmydls-41e8ece78e0c30929c0878ac589414db thead{\n            display: none;\n        }\n        #wpdmmydls-41e8ece78e0c30929c0878ac589414db,\n        #wpdmmydls-41e8ece78e0c30929c0878ac589414db td:first-child {\n            border: 0 !important;\n        }\n        #wpdmmydls-41e8ece78e0c30929c0878ac589414db td {\n            display: block;\n        }\n        #wpdmmydls-41e8ece78e0c30929c0878ac589414db td.__dt_col_download_link {\n            display: block;\n            max-width: 100% !important;\n            width: auto !important;\n\n        }\n    }\n\n\n<\/style>\n<div class=\"w3eden\">\n    <div id=\"wpdm-all-packages\">\n        <table id=\"wpdmmydls-41e8ece78e0c30929c0878ac589414db\" class=\"table table-striped wpdm-all-packages-table\">\n            <thead>\n            <tr>\n                                    <th style=\"\"  id=\"page_link\" class=\"\">Titre<\/th>\n                                    <th style=\"\"  id=\"categories\" class=\"hidden-sm hidden-xs\">Cat\u00e9gories<\/th>\n                                    <th style=\"\"  id=\"update_date\" class=\"hidden-sm hidden-xs\">Date de mise \u00e0 jour<\/th>\n                                    <th style=\"\"  id=\"download_link\" class=\"hidden-sm hidden-xs\">T\u00e9l\u00e9charger<\/th>\n                                <!-- th class=\"hidden-sm hidden-xs\">Cat\u00e9gories<\/th>\n                <th class=\"hidden-xs\">Date de cr\u00e9ation<\/th>\n                <th style=\"width: 100px;\">T\u00e9l\u00e9charger<\/th -->\n            <\/tr>\n            <\/thead>\n            <tbody>\n            \n                    <tr class=\"__dt_row\">\n                                                    <td  class=\"__dt_col_0 __dt_col __dt_col_page_link\" style=\"background-image: url('https:\/\/firca.ci\/fciad\/wp-content\/plugins\/download-manager\/assets\/file-type-icons\/pdf.png');background-size: 36px;background-position: 5px 8px;background-repeat:  no-repeat;padding-left: 52px;line-height: normal;\">\n                                <a class=\"package-title\" href='https:\/\/firca.ci\/fciad\/download\/5eme-appel-a-projets-modele-de-dossier-dappel-a-projets-fciad\/'>[5eme Appel \u00e0 Projets] Mod\u00e8le de Dossier d\u2019Appel \u00e0 Projets FCIAD<\/a><br\/><span class='__dt_file_count small-txt'><i class=\"far fa-copy\"><\/i> 1 fichier\u00b7s<\/span><span class='__dt_download_count small-txt'><i class=\"far fa-arrow-alt-circle-down\"><\/i> 104 t\u00e9l\u00e9chargements<\/span><div class=\"hidden-md hidden-lg td-mobile\"><\/div>\n\n                            <\/td>\n                                                    <td  class=\"__dt_col_1 __dt_col __dt_col_categories\" >\n                                <span class='__dt_categories '><a class='sbyc' href='https:\/\/firca.ci\/fciad\/publications\/?wpdmc=publications'>Publications<\/a><\/span>\n\n                            <\/td>\n                                                    <td  data-order=\"1581033600\"  class=\"__dt_col_2 __dt_col __dt_col_update_date\" >\n                                <span class='__dt_update_date '>7 f\u00e9vrier 2020<\/span>\n\n                            <\/td>\n                                                    <td  class=\"__dt_col_3 __dt_col __dt_col_download_link\" >\n                                <a class='wpdm-download-link  download-on-click btn btn-primary ' rel='nofollow' href='#' data-downloadurl=\"https:\/\/firca.ci\/fciad\/download\/5eme-appel-a-projets-modele-de-dossier-dappel-a-projets-fciad\/?wpdmdl=2445&refresh=69f4dffab339c1777655802\">T\u00e9l\u00e9charger<\/a>\n\n                            <\/td>\n                        \n                    <\/tr>\n                \n                    <tr class=\"__dt_row\">\n                                                    <td  class=\"__dt_col_0 __dt_col __dt_col_page_link\" style=\"background-image: url('https:\/\/firca.ci\/fciad\/wp-content\/plugins\/download-manager\/assets\/file-type-icons\/pdf.png');background-size: 36px;background-position: 5px 8px;background-repeat:  no-repeat;padding-left: 52px;line-height: normal;\">\n                                <a class=\"package-title\" href='https:\/\/firca.ci\/fciad\/download\/modele-de-dossier-dappel-a-candidature\/'>Mod\u00e8le de dossier d&rsquo;Appel \u00e0 Candidature<\/a><br\/><span class='__dt_file_count small-txt'><i class=\"far fa-copy\"><\/i> 1 fichier\u00b7s<\/span><span class='__dt_download_count small-txt'><i class=\"far fa-arrow-alt-circle-down\"><\/i> 136 t\u00e9l\u00e9chargements<\/span><div class=\"hidden-md hidden-lg td-mobile\"><\/div>\n\n                            <\/td>\n                                                    <td  class=\"__dt_col_1 __dt_col __dt_col_categories\" >\n                                <span class='__dt_categories '><a class='sbyc' href='https:\/\/firca.ci\/fciad\/publications\/?wpdmc=publications'>Publications<\/a><\/span>\n\n                            <\/td>\n                                                    <td  data-order=\"1581033600\"  class=\"__dt_col_2 __dt_col __dt_col_update_date\" >\n                                <span class='__dt_update_date '>7 f\u00e9vrier 2020<\/span>\n\n                            <\/td>\n                                                    <td  class=\"__dt_col_3 __dt_col __dt_col_download_link\" >\n                                <a class='wpdm-download-link  download-on-click btn btn-primary ' rel='nofollow' href='#' data-downloadurl=\"https:\/\/firca.ci\/fciad\/download\/modele-de-dossier-dappel-a-candidature\/?wpdmdl=2443&refresh=69f4dffab47961777655802\">T\u00e9l\u00e9charger<\/a>\n\n                            <\/td>\n                        \n                    <\/tr>\n                \n                    <tr class=\"__dt_row\">\n                                                    <td  class=\"__dt_col_0 __dt_col __dt_col_page_link\" style=\"background-image: url('https:\/\/firca.ci\/fciad\/wp-content\/plugins\/download-manager\/assets\/file-type-icons\/pdf.png');background-size: 36px;background-position: 5px 8px;background-repeat:  no-repeat;padding-left: 52px;line-height: normal;\">\n                                <a class=\"package-title\" href='https:\/\/firca.ci\/fciad\/download\/repertoire-des-innovations-financees-par-le-fonds-competitif-pour-linnovation-agricole-durable-fciad-2017-a-2018\/'>R\u00e9pertoire des innovations financ\u00e9es par le Fonds Comp\u00e9titif pour l\u2019Innovation Agricole Durable (FCIAD) 2017 \u00e0 2018<\/a><br\/><span class='__dt_file_count small-txt'><i class=\"far fa-copy\"><\/i> 1 fichier\u00b7s<\/span><span class='__dt_download_count small-txt'><i class=\"far fa-arrow-alt-circle-down\"><\/i> 169 t\u00e9l\u00e9chargements<\/span><div class=\"hidden-md hidden-lg td-mobile\"><\/div>\n\n                            <\/td>\n                                                    <td  class=\"__dt_col_1 __dt_col __dt_col_categories\" >\n                                <span class='__dt_categories '><a class='sbyc' href='https:\/\/firca.ci\/fciad\/publications\/?wpdmc=publications'>Publications<\/a><\/span>\n\n                            <\/td>\n                                                    <td  data-order=\"1572220800\"  class=\"__dt_col_2 __dt_col __dt_col_update_date\" >\n                                <span class='__dt_update_date '>28 octobre 2019<\/span>\n\n                            <\/td>\n                                                    <td  class=\"__dt_col_3 __dt_col __dt_col_download_link\" >\n                                <a class='wpdm-download-link  download-on-click btn btn-primary ' rel='nofollow' href='#' data-downloadurl=\"https:\/\/firca.ci\/fciad\/download\/repertoire-des-innovations-financees-par-le-fonds-competitif-pour-linnovation-agricole-durable-fciad-2017-a-2018\/?wpdmdl=120&refresh=69f4dffab58691777655802\">T\u00e9l\u00e9charger<\/a>\n\n                            <\/td>\n                        \n                    <\/tr>\n                \n                    <tr class=\"__dt_row\">\n                                                    <td  class=\"__dt_col_0 __dt_col __dt_col_page_link\" style=\"background-image: url('https:\/\/firca.ci\/fciad\/wp-content\/plugins\/download-manager\/assets\/file-type-icons\/pdf.png');background-size: 36px;background-position: 5px 8px;background-repeat:  no-repeat;padding-left: 52px;line-height: normal;\">\n                                <a class=\"package-title\" href='https:\/\/firca.ci\/fciad\/download\/manuel-de-procedures-revise-janvier-2018\/'>Manuel de proc\u00e9dures r\u00e9vis\u00e9 (Janvier 2018)<\/a><br\/><span class='__dt_file_count small-txt'><i class=\"far fa-copy\"><\/i> 1 fichier\u00b7s<\/span><span class='__dt_download_count small-txt'><i class=\"far fa-arrow-alt-circle-down\"><\/i> 174 t\u00e9l\u00e9chargements<\/span><div class=\"hidden-md hidden-lg td-mobile\"><\/div>\n\n                            <\/td>\n                                                    <td  class=\"__dt_col_1 __dt_col __dt_col_categories\" >\n                                <span class='__dt_categories '><a class='sbyc' href='https:\/\/firca.ci\/fciad\/publications\/?wpdmc=publications'>Publications<\/a><\/span>\n\n                            <\/td>\n                                                    <td  data-order=\"1581552000\"  class=\"__dt_col_2 __dt_col __dt_col_update_date\" >\n                                <span class='__dt_update_date '>13 f\u00e9vrier 2020<\/span>\n\n                            <\/td>\n                                                    <td  class=\"__dt_col_3 __dt_col __dt_col_download_link\" >\n                                <a class='wpdm-download-link  download-on-click btn btn-primary ' rel='nofollow' href='#' data-downloadurl=\"https:\/\/firca.ci\/fciad\/download\/manuel-de-procedures-revise-janvier-2018\/?wpdmdl=98&refresh=69f4dffab68cf1777655802\">T\u00e9l\u00e9charger<\/a>\n\n                            <\/td>\n                        \n                    <\/tr>\n                \n                    <tr class=\"__dt_row\">\n                                                    <td  class=\"__dt_col_0 __dt_col __dt_col_page_link\" style=\"background-image: url('https:\/\/firca.ci\/fciad\/wp-content\/plugins\/download-manager\/assets\/file-type-icons\/pdf.png');background-size: 36px;background-position: 5px 8px;background-repeat:  no-repeat;padding-left: 52px;line-height: normal;\">\n                                <a class=\"package-title\" href='https:\/\/firca.ci\/fciad\/download\/conditions-dacces-aux-financements-fciad\/'>Conditions d\u2019acc\u00e8s aux financements FCIAD<\/a><br\/><span class='__dt_file_count small-txt'><i class=\"far fa-copy\"><\/i> 1 fichier\u00b7s<\/span><span class='__dt_download_count small-txt'><i class=\"far fa-arrow-alt-circle-down\"><\/i> 110 t\u00e9l\u00e9chargements<\/span><div class=\"hidden-md hidden-lg td-mobile\"><\/div>\n\n                            <\/td>\n                                                    <td  class=\"__dt_col_1 __dt_col __dt_col_categories\" >\n                                <span class='__dt_categories '><a class='sbyc' href='https:\/\/firca.ci\/fciad\/publications\/?wpdmc=publications'>Publications<\/a><\/span>\n\n                            <\/td>\n                                                    <td  data-order=\"1581552000\"  class=\"__dt_col_2 __dt_col __dt_col_update_date\" >\n                                <span class='__dt_update_date '>13 f\u00e9vrier 2020<\/span>\n\n                            <\/td>\n                                                    <td  class=\"__dt_col_3 __dt_col __dt_col_download_link\" >\n                                <a class='wpdm-download-link  download-on-click btn btn-primary ' rel='nofollow' href='#' data-downloadurl=\"https:\/\/firca.ci\/fciad\/download\/conditions-dacces-aux-financements-fciad\/?wpdmdl=96&refresh=69f4dffab79f11777655802\">T\u00e9l\u00e9charger<\/a>\n\n                            <\/td>\n                        \n                    <\/tr>\n                \n                    <tr class=\"__dt_row\">\n                                                    <td  class=\"__dt_col_0 __dt_col __dt_col_page_link\" style=\"background-image: url('https:\/\/firca.ci\/fciad\/wp-content\/plugins\/download-manager\/assets\/file-type-icons\/pdf.png');background-size: 36px;background-position: 5px 8px;background-repeat:  no-repeat;padding-left: 52px;line-height: normal;\">\n                                <a class=\"package-title\" href='https:\/\/firca.ci\/fciad\/download\/presentation-du-fciad\/'>Pr\u00e9sentation du FCIAD<\/a><br\/><span class='__dt_file_count small-txt'><i class=\"far fa-copy\"><\/i> 1 fichier\u00b7s<\/span><span class='__dt_download_count small-txt'><i class=\"far fa-arrow-alt-circle-down\"><\/i> 81 t\u00e9l\u00e9chargements<\/span><div class=\"hidden-md hidden-lg td-mobile\"><\/div>\n\n                            <\/td>\n                                                    <td  class=\"__dt_col_1 __dt_col __dt_col_categories\" >\n                                <span class='__dt_categories '><a class='sbyc' href='https:\/\/firca.ci\/fciad\/publications\/?wpdmc=publications'>Publications<\/a><\/span>\n\n                            <\/td>\n                                                    <td  data-order=\"1581552000\"  class=\"__dt_col_2 __dt_col __dt_col_update_date\" >\n                                <span class='__dt_update_date '>13 f\u00e9vrier 2020<\/span>\n\n                            <\/td>\n                                                    <td  class=\"__dt_col_3 __dt_col __dt_col_download_link\" >\n                                <a class='wpdm-download-link  download-on-click btn btn-primary ' rel='nofollow' href='#' data-downloadurl=\"https:\/\/firca.ci\/fciad\/download\/presentation-du-fciad\/?wpdmdl=92&refresh=69f4dffab8e291777655802\">T\u00e9l\u00e9charger<\/a>\n\n                            <\/td>\n                        \n                    <\/tr>\n                                        <\/tbody>\n        <\/table>\n\n        <div class='text-center'><\/div>\n    <\/div>\n<\/div>\n\n<p>[\/vc_column_text][\/vc_column][vc_column width=\u00a0\u00bb1\/6&Prime;][\/vc_column][\/vc_row]<\/p>\n","protected":false},"excerpt":{"rendered":"<p>[vc_row][vc_column width=\u00a0\u00bb1\/6&Prime;][\/vc_column][vc_column width=\u00a0\u00bb2\/3&Prime;][vc_column_text] [\/vc_column_text][\/vc_column][vc_column width=\u00a0\u00bb1\/6&Prime;][\/vc_column][\/vc_row]<\/p>\n","protected":false},"author":1,"featured_media":0,"parent":0,"menu_order":0,"comment_status":"closed","ping_status":"closed","template":"","meta":[],"_links":{"self":[{"href":"https:\/\/firca.ci\/fciad\/wp-json\/wp\/v2\/pages\/10"}],"collection":[{"href":"https:\/\/firca.ci\/fciad\/wp-json\/wp\/v2\/pages"}],"about":[{"href":"https:\/\/firca.ci\/fciad\/wp-json\/wp\/v2\/types\/page"}],"author":[{"embeddable":true,"href":"https:\/\/firca.ci\/fciad\/wp-json\/wp\/v2\/users\/1"}],"replies":[{"embeddable":true,"href":"https:\/\/firca.ci\/fciad\/wp-json\/wp\/v2\/comments?post=10"}],"version-history":[{"count":6,"href":"https:\/\/firca.ci\/fciad\/wp-json\/wp\/v2\/pages\/10\/revisions"}],"predecessor-version":[{"id":2618,"href":"https:\/\/firca.ci\/fciad\/wp-json\/wp\/v2\/pages\/10\/revisions\/2618"}],"wp:attachment":[{"href":"https:\/\/firca.ci\/fciad\/wp-json\/wp\/v2\/media?parent=10"}],"curies":[{"name":"wp","href":"https:\/\/api.w.org\/{rel}","templated":true}]}}